{"id":1163,"date":"2024-12-02T18:07:29","date_gmt":"2024-12-02T18:07:29","guid":{"rendered":"https:\/\/aepe.com.mx\/?page_id=1163"},"modified":"2025-09-10T19:21:41","modified_gmt":"2025-09-10T19:21:41","slug":"corporacionme","status":"publish","type":"page","link":"https:\/\/visionlogistic.net\/en\/corporacionme\/","title":{"rendered":"Corporaci\u00f3nME"},"content":{"rendered":"<div data-elementor-type=\"wp-page\" data-elementor-id=\"1163\" class=\"elementor elementor-1163\" data-elementor-post-type=\"page\">\n\t\t\t\t<div class=\"elementor-element elementor-element-ed72cd4 e-flex e-con-boxed e-con e-parent\" data-id=\"ed72cd4\" data-element_type=\"container\" data-e-type=\"container\" data-settings=\"{&quot;background_background&quot;:&quot;classic&quot;}\">\n\t\t\t\t\t<div class=\"e-con-inner\">\n\t\t\t\t<div class=\"elementor-element elementor-element-b0f7398 elementor-headline--style-highlight elementor-widget elementor-widget-animated-headline\" data-id=\"b0f7398\" data-element_type=\"widget\" data-e-type=\"widget\" data-settings=\"{&quot;marker&quot;:&quot;underline&quot;,&quot;highlighted_text&quot;:&quot;Corporaci\\u00f3n M\\u00e9xico Express&quot;,&quot;headline_style&quot;:&quot;highlight&quot;,&quot;loop&quot;:&quot;yes&quot;,&quot;highlight_animation_duration&quot;:1200,&quot;highlight_iteration_delay&quot;:8000}\" data-widget_type=\"animated-headline.default\">\n\t\t\t\t\t\t\t<h3 class=\"elementor-headline\">\n\t\t\t\t<span class=\"elementor-headline-dynamic-wrapper elementor-headline-text-wrapper\">\n\t\t\t\t\t<span class=\"elementor-headline-dynamic-text elementor-headline-text-active\">Corporation Mexico Express<\/span>\n\t\t\t\t<\/span>\n\t\t\t\t<\/h3>\n\t\t\t\t\t\t<\/div>\n\t\t\t\t\t<\/div>\n\t\t\t\t<\/div>\n\t\t<div class=\"elementor-element elementor-element-fb06fe8 e-flex e-con-boxed e-con e-parent\" data-id=\"fb06fe8\" data-element_type=\"container\" data-e-type=\"container\" data-settings=\"{&quot;background_background&quot;:&quot;classic&quot;}\">\n\t\t\t\t\t<div class=\"e-con-inner\">\n\t\t\t\t<div class=\"elementor-element elementor-element-5d903cb elementor-widget elementor-widget-text-editor\" data-id=\"5d903cb\" data-element_type=\"widget\" data-e-type=\"widget\" data-widget_type=\"text-editor.default\">\n\t\t\t\t\t\t\t\t\t<p>It is a customs agency mexican renowned for its experience and commitment in the sector of foreign trade. We specialize in managing and optimizing the processes needed to import and export goods in an efficient manner, in compliance with the strict customs regulations of Mexico . With a solid experience, ongoing investment in technology and a focus on continuous improvement, we offer solutions that make international trade a process that is agile, secure and cost-effective for your company.<\/p><div><br><\/div>\t\t\t\t\t\t\t\t<\/div>\n\t\t\t\t\t<\/div>\n\t\t\t\t<\/div>\n\t\t<div class=\"elementor-element elementor-element-8f18141 e-flex e-con-boxed e-con e-parent\" data-id=\"8f18141\" data-element_type=\"container\" data-e-type=\"container\">\n\t\t\t\t\t<div class=\"e-con-inner\">\n\t\t\t\t<div class=\"elementor-element elementor-element-4415fb7 elementor-widget elementor-widget-spacer\" data-id=\"4415fb7\" data-element_type=\"widget\" data-e-type=\"widget\" data-widget_type=\"spacer.default\">\n\t\t\t\t\t\t\t<div class=\"elementor-spacer\">\n\t\t\t<div class=\"elementor-spacer-inner\"><\/div>\n\t\t<\/div>\n\t\t\t\t\t\t<\/div>\n\t\t\t\t\t<\/div>\n\t\t\t\t<\/div>\n\t\t<div class=\"elementor-element elementor-element-0c777f8 e-flex e-con-boxed e-con e-parent\" data-id=\"0c777f8\" data-element_type=\"container\" data-e-type=\"container\">\n\t\t\t\t\t<div class=\"e-con-inner\">\n\t\t\t\t<div class=\"elementor-element elementor-element-678568a elementor-widget elementor-widget-heading\" data-id=\"678568a\" data-element_type=\"widget\" data-e-type=\"widget\" data-widget_type=\"heading.default\">\n\t\t\t\t\t<h2 class=\"elementor-heading-title elementor-size-default\">OUR SPECIALTIES<\/h2>\t\t\t\t<\/div>\n\t\t\t\t\t<\/div>\n\t\t\t\t<\/div>\n\t\t<div class=\"elementor-element elementor-element-05a848f e-flex e-con-boxed e-con e-parent\" data-id=\"05a848f\" data-element_type=\"container\" data-e-type=\"container\">\n\t\t\t\t\t<div class=\"e-con-inner\">\n\t\t<div class=\"elementor-element elementor-element-b3f809d e-con-full e-flex elementor-invisible e-con e-child\" data-id=\"b3f809d\" data-element_type=\"container\" data-e-type=\"container\" data-settings=\"{&quot;background_background&quot;:&quot;classic&quot;,&quot;animation&quot;:&quot;fadeInLeft&quot;}\">\n\t\t\t\t<div class=\"elementor-element elementor-element-f6b05d9 elementor-widget elementor-widget-heading\" data-id=\"f6b05d9\" data-element_type=\"widget\" data-e-type=\"widget\" data-widget_type=\"heading.default\">\n\t\t\t\t\t<h2 class=\"elementor-heading-title elementor-size-default\">Customs Clearance Multimodal\n<\/h2>\t\t\t\t<\/div>\n\t\t\t\t<div class=\"elementor-element elementor-element-13af4b8 elementor-widget__width-initial elementor-widget elementor-widget-text-editor\" data-id=\"13af4b8\" data-element_type=\"widget\" data-e-type=\"widget\" data-widget_type=\"text-editor.default\">\n\t\t\t\t\t\t\t\t\t<p>Corporation Mexico Express coordinates customs formalities for the entry and exit of goods in multiple modes of transportation: air, sea, ground and rail. We leverage technology to optimize each operation and ensure that your cargo to flow smoothly, and with strict compliance with the customs requirements of each means of transportation. From air shipments to rail traffic and shipping, our comprehensive management adapts to the logistical needs of your company, providing speed and efficiency.<\/p>\t\t\t\t\t\t\t\t<\/div>\n\t\t\t\t<\/div>\n\t\t\t\t<div class=\"elementor-element elementor-element-a9be3f3 elementor-widget elementor-widget-spacer\" data-id=\"a9be3f3\" data-element_type=\"widget\" data-e-type=\"widget\" data-widget_type=\"spacer.default\">\n\t\t\t\t\t\t\t<div class=\"elementor-spacer\">\n\t\t\t<div class=\"elementor-spacer-inner\"><\/div>\n\t\t<\/div>\n\t\t\t\t\t\t<\/div>\n\t\t<div class=\"elementor-element elementor-element-66ba0fa e-con-full e-flex elementor-invisible e-con e-child\" data-id=\"66ba0fa\" data-element_type=\"container\" data-e-type=\"container\" data-settings=\"{&quot;background_background&quot;:&quot;classic&quot;,&quot;animation&quot;:&quot;fadeInRight&quot;}\">\n\t\t\t\t<div class=\"elementor-element elementor-element-98e0008 elementor-widget elementor-widget-heading\" data-id=\"98e0008\" data-element_type=\"widget\" data-e-type=\"widget\" data-widget_type=\"heading.default\">\n\t\t\t\t\t<h2 class=\"elementor-heading-title elementor-size-default\">Tariff Classification Specialist\n<\/h2>\t\t\t\t<\/div>\n\t\t\t\t<div class=\"elementor-element elementor-element-4a898ee elementor-widget__width-initial elementor-widget elementor-widget-text-editor\" data-id=\"4a898ee\" data-element_type=\"widget\" data-e-type=\"widget\" data-widget_type=\"text-editor.default\">\n\t\t\t\t\t\t\t\t\t<p>A tariff classification precision is key for compliance with regulations, optimize cost and avoid tax problems. We have a team of experts in tariff classification, by means of technological tools advanced, identifies exactly the specific codes for each merchandise, including products with special regulations. So, we guarantee a dispatch process smoothly, minimizing risks and additional costs.<\/p>\t\t\t\t\t\t\t\t<\/div>\n\t\t\t\t<\/div>\n\t\t\t\t\t<\/div>\n\t\t\t\t<\/div>\n\t\t<div class=\"elementor-element elementor-element-4541887 e-flex e-con-boxed e-con e-parent\" data-id=\"4541887\" data-element_type=\"container\" data-e-type=\"container\">\n\t\t\t\t\t<div class=\"e-con-inner\">\n\t\t\t\t<div class=\"elementor-element elementor-element-654c15e elementor-widget elementor-widget-spacer\" data-id=\"654c15e\" data-element_type=\"widget\" data-e-type=\"widget\" data-widget_type=\"spacer.default\">\n\t\t\t\t\t\t\t<div class=\"elementor-spacer\">\n\t\t\t<div class=\"elementor-spacer-inner\"><\/div>\n\t\t<\/div>\n\t\t\t\t\t\t<\/div>\n\t\t\t\t\t<\/div>\n\t\t\t\t<\/div>\n\t\t<div class=\"elementor-element elementor-element-21c2d60 e-flex e-con-boxed e-con e-parent\" data-id=\"21c2d60\" data-element_type=\"container\" data-e-type=\"container\">\n\t\t\t\t\t<div class=\"e-con-inner\">\n\t\t<div class=\"elementor-element elementor-element-365c84e e-con-full e-flex elementor-invisible e-con e-child\" data-id=\"365c84e\" data-element_type=\"container\" data-e-type=\"container\" data-settings=\"{&quot;background_background&quot;:&quot;classic&quot;,&quot;animation&quot;:&quot;fadeInLeft&quot;,&quot;animation_delay&quot;:400}\">\n\t\t\t\t<div class=\"elementor-element elementor-element-c45f083 elementor-widget elementor-widget-heading\" data-id=\"c45f083\" data-element_type=\"widget\" data-e-type=\"widget\" data-widget_type=\"heading.default\">\n\t\t\t\t\t<h2 class=\"elementor-heading-title elementor-size-default\">Special Operations\n<\/h2>\t\t\t\t<\/div>\n\t\t\t\t<div class=\"elementor-element elementor-element-4336bb5 elementor-widget__width-initial elementor-widget elementor-widget-text-editor\" data-id=\"4336bb5\" data-element_type=\"widget\" data-e-type=\"widget\" data-widget_type=\"text-editor.default\">\n\t\t\t\t\t\t\t\t\t<p>Each company has unique needs and some of the operations require an approach is highly specialized. Our team is ready to manage customs operations complex or customized, such as imports and exports, temporary, transit of goods and handling of goods subject to specific regulations. In addition, our investment in technology enables us to manage these operations with the precision and speed required by the global trade.<\/p>\t\t\t\t\t\t\t\t<\/div>\n\t\t\t\t<\/div>\n\t\t\t\t<div class=\"elementor-element elementor-element-8def729 elementor-widget elementor-widget-spacer\" data-id=\"8def729\" data-element_type=\"widget\" data-e-type=\"widget\" data-widget_type=\"spacer.default\">\n\t\t\t\t\t\t\t<div class=\"elementor-spacer\">\n\t\t\t<div class=\"elementor-spacer-inner\"><\/div>\n\t\t<\/div>\n\t\t\t\t\t\t<\/div>\n\t\t<div class=\"elementor-element elementor-element-3e5dfe5 e-con-full e-flex elementor-invisible e-con e-child\" data-id=\"3e5dfe5\" data-element_type=\"container\" data-e-type=\"container\" data-settings=\"{&quot;background_background&quot;:&quot;classic&quot;,&quot;animation&quot;:&quot;fadeInRight&quot;,&quot;animation_delay&quot;:400}\">\n\t\t\t\t<div class=\"elementor-element elementor-element-b6197f4 elementor-widget elementor-widget-heading\" data-id=\"b6197f4\" data-element_type=\"widget\" data-e-type=\"widget\" data-widget_type=\"heading.default\">\n\t\t\t\t\t<h2 class=\"elementor-heading-title elementor-size-default\">Standards and International Regulations\n<\/h2>\t\t\t\t<\/div>\n\t\t\t\t<div class=\"elementor-element elementor-element-8d4ca80 elementor-widget__width-initial elementor-widget elementor-widget-text-editor\" data-id=\"8d4ca80\" data-element_type=\"widget\" data-e-type=\"widget\" data-widget_type=\"text-editor.default\">\n\t\t\t\t\t\t\t\t\t<p>We are in constant update on regulations and international regulations, including the official mexican standards (NOMs) and regulations and sanitary and phytosanitary (sps). Our management systems are scanned and the specialist knowledge of our team ensure that your goods meet all the regulations of import and export in Mexico and abroad, thus avoiding any kind of delays or penalties.<\/p>\t\t\t\t\t\t\t\t<\/div>\n\t\t\t\t<\/div>\n\t\t\t\t\t<\/div>\n\t\t\t\t<\/div>\n\t\t<div class=\"elementor-element elementor-element-ab4a21f e-flex e-con-boxed e-con e-parent\" data-id=\"ab4a21f\" data-element_type=\"container\" data-e-type=\"container\">\n\t\t\t\t\t<div class=\"e-con-inner\">\n\t\t\t\t<div class=\"elementor-element elementor-element-79c3f0c elementor-widget elementor-widget-spacer\" data-id=\"79c3f0c\" data-element_type=\"widget\" data-e-type=\"widget\" data-widget_type=\"spacer.default\">\n\t\t\t\t\t\t\t<div class=\"elementor-spacer\">\n\t\t\t<div class=\"elementor-spacer-inner\"><\/div>\n\t\t<\/div>\n\t\t\t\t\t\t<\/div>\n\t\t\t\t\t<\/div>\n\t\t\t\t<\/div>\n\t\t<div class=\"elementor-element elementor-element-22e8dde e-flex e-con-boxed e-con e-parent\" data-id=\"22e8dde\" data-element_type=\"container\" data-e-type=\"container\">\n\t\t\t\t\t<div class=\"e-con-inner\">\n\t\t<div class=\"elementor-element elementor-element-0301b6b e-con-full e-flex elementor-invisible e-con e-child\" data-id=\"0301b6b\" data-element_type=\"container\" data-e-type=\"container\" data-settings=\"{&quot;background_background&quot;:&quot;classic&quot;,&quot;motion_fx_motion_fx_mouse&quot;:&quot;yes&quot;,&quot;animation&quot;:&quot;fadeInLeft&quot;,&quot;animation_delay&quot;:600}\">\n\t\t\t\t<div class=\"elementor-element elementor-element-ce9cd56 elementor-widget elementor-widget-heading\" data-id=\"ce9cd56\" data-element_type=\"widget\" data-e-type=\"widget\" data-widget_type=\"heading.default\">\n\t\t\t\t\t<h2 class=\"elementor-heading-title elementor-size-default\">Optimization of Time and Costs\n<\/h2>\t\t\t\t<\/div>\n\t\t\t\t<div class=\"elementor-element elementor-element-7bf4423 elementor-widget__width-initial elementor-widget elementor-widget-text-editor\" data-id=\"7bf4423\" data-element_type=\"widget\" data-e-type=\"widget\" data-widget_type=\"text-editor.default\">\n\t\t\t\t\t\t\t\t\t<p>Our commitment is to maximize the efficiency in each operation. Through meticulous planning, advice on processes and anticipated the use of advanced technology, we help reduce costs and dispatch times. The integration of management systems and digital and resource optimization allow your company to make the most of each operation, thus improving their competitiveness in the global market.<\/p>\t\t\t\t\t\t\t\t<\/div>\n\t\t\t\t<\/div>\n\t\t\t\t<div class=\"elementor-element elementor-element-83c19c5 elementor-widget elementor-widget-spacer\" data-id=\"83c19c5\" data-element_type=\"widget\" data-e-type=\"widget\" data-widget_type=\"spacer.default\">\n\t\t\t\t\t\t\t<div class=\"elementor-spacer\">\n\t\t\t<div class=\"elementor-spacer-inner\"><\/div>\n\t\t<\/div>\n\t\t\t\t\t\t<\/div>\n\t\t<div class=\"elementor-element elementor-element-c50d37c e-con-full e-flex elementor-invisible e-con e-child\" data-id=\"c50d37c\" data-element_type=\"container\" data-e-type=\"container\" data-settings=\"{&quot;background_background&quot;:&quot;classic&quot;,&quot;animation&quot;:&quot;fadeInRight&quot;,&quot;animation_delay&quot;:600}\">\n\t\t\t\t<div class=\"elementor-element elementor-element-86c92fc elementor-widget elementor-widget-heading\" data-id=\"86c92fc\" data-element_type=\"widget\" data-e-type=\"widget\" data-widget_type=\"heading.default\">\n\t\t\t\t\t<h2 class=\"elementor-heading-title elementor-size-default\">Commitment to Quality and Safety\n<\/h2>\t\t\t\t<\/div>\n\t\t\t\t<div class=\"elementor-element elementor-element-8d8925d elementor-widget__width-initial elementor-widget elementor-widget-text-editor\" data-id=\"8d8925d\" data-element_type=\"widget\" data-e-type=\"widget\" data-widget_type=\"text-editor.default\">\n\t\t\t\t\t\t\t\t\t<p>En Corporaci\u00f3n M\u00e9xico Express, estamos comprometidos con brindar soluciones de comercio exterior basadas en la precisi\u00f3n, la seguridad y la satisfacci\u00f3n del cliente. Nuestra inversi\u00f3n constante en tecnolog\u00eda y nuestro enfoque en la mejora continua nos permiten ofrecer un servicio confiable y eficiente. Contamos con certificaciones internacionales como ISO 9001 en gesti\u00f3n de calidad y OEA (Operador Econ\u00f3mico Autorizado) que garantiza la seguridad de nuestras operaciones,\u00a0 que avala nuestra capacidad para manejar y coordinar operaciones log\u00edsticas complejas. Estas certificaciones reflejan nuestro compromiso con los est\u00e1ndares m\u00e1s altos de la industria y nos posicionan como un aliado estrat\u00e9gico en sus operaciones de comercio exterior.<\/p>\t\t\t\t\t\t\t\t<\/div>\n\t\t\t\t<\/div>\n\t\t\t\t\t<\/div>\n\t\t\t\t<\/div>\n\t\t<div class=\"elementor-element elementor-element-b126e74 e-flex e-con-boxed e-con e-parent\" data-id=\"b126e74\" data-element_type=\"container\" data-e-type=\"container\">\n\t\t\t\t\t<div class=\"e-con-inner\">\n\t\t\t\t<div class=\"elementor-element elementor-element-88e8eee elementor-widget elementor-widget-spacer\" data-id=\"88e8eee\" data-element_type=\"widget\" data-e-type=\"widget\" data-widget_type=\"spacer.default\">\n\t\t\t\t\t\t\t<div class=\"elementor-spacer\">\n\t\t\t<div class=\"elementor-spacer-inner\"><\/div>\n\t\t<\/div>\n\t\t\t\t\t\t<\/div>\n\t\t\t\t\t<\/div>\n\t\t\t\t<\/div>\n\t\t\t\t<\/div>","protected":false},"excerpt":{"rendered":"<p>Corporaci\u00f3n M\u00e9xico Express Es una agencia aduanal mexicana reconocida por su experiencia y compromiso en el sector del comercio exterior. Nos especializamos en gestionar y optimizar los procesos necesarios para importar y exportar mercanc\u00edas de manera eficiente, cumpliendo con las estrictas regulaciones aduaneras de M\u00e9xico . Con una s\u00f3lida experiencia, inversi\u00f3n constante en tecnolog\u00eda y [&hellip;]<\/p>\n","protected":false},"author":2,"featured_media":0,"parent":0,"menu_order":0,"comment_status":"closed","ping_status":"closed","template":"","meta":{"footnotes":""},"class_list":["post-1163","page","type-page","status-publish","hentry"],"_links":{"self":[{"href":"https:\/\/visionlogistic.net\/en\/wp-json\/wp\/v2\/pages\/1163","targetHints":{"allow":["GET"]}}],"collection":[{"href":"https:\/\/visionlogistic.net\/en\/wp-json\/wp\/v2\/pages"}],"about":[{"href":"https:\/\/visionlogistic.net\/en\/wp-json\/wp\/v2\/types\/page"}],"author":[{"embeddable":true,"href":"https:\/\/visionlogistic.net\/en\/wp-json\/wp\/v2\/users\/2"}],"replies":[{"embeddable":true,"href":"https:\/\/visionlogistic.net\/en\/wp-json\/wp\/v2\/comments?post=1163"}],"version-history":[{"count":34,"href":"https:\/\/visionlogistic.net\/en\/wp-json\/wp\/v2\/pages\/1163\/revisions"}],"predecessor-version":[{"id":1886,"href":"https:\/\/visionlogistic.net\/en\/wp-json\/wp\/v2\/pages\/1163\/revisions\/1886"}],"wp:attachment":[{"href":"https:\/\/visionlogistic.net\/en\/wp-json\/wp\/v2\/media?parent=1163"}],"curies":[{"name":"wp","href":"https:\/\/api.w.org\/{rel}","templated":true}]}}