{"id":1265,"date":"2024-12-03T19:55:38","date_gmt":"2024-12-03T19:55:38","guid":{"rendered":"https:\/\/aepe.com.mx\/?page_id=1265"},"modified":"2024-12-05T17:48:41","modified_gmt":"2024-12-05T17:48:41","slug":"mercaderiasvision","status":"publish","type":"page","link":"https:\/\/visionlogistic.net\/en\/mercaderiasvision\/","title":{"rendered":"MercaderiasVision"},"content":{"rendered":"<div data-elementor-type=\"wp-page\" data-elementor-id=\"1265\" class=\"elementor elementor-1265\" data-elementor-post-type=\"page\">\n\t\t\t\t<div class=\"elementor-element elementor-element-7790370 e-con-full e-flex e-con e-parent\" data-id=\"7790370\" data-element_type=\"container\" data-e-type=\"container\" data-settings=\"{&quot;background_background&quot;:&quot;classic&quot;}\">\n\t\t\t\t<div class=\"elementor-element elementor-element-ea4bfd9 elementor-headline--style-highlight elementor-widget elementor-widget-animated-headline\" data-id=\"ea4bfd9\" data-element_type=\"widget\" data-e-type=\"widget\" data-settings=\"{&quot;marker&quot;:&quot;underline&quot;,&quot;highlighted_text&quot;:&quot;Mercader\\u00edas con Visi\\u00f3n&quot;,&quot;headline_style&quot;:&quot;highlight&quot;,&quot;loop&quot;:&quot;yes&quot;,&quot;highlight_animation_duration&quot;:1200,&quot;highlight_iteration_delay&quot;:8000}\" data-widget_type=\"animated-headline.default\">\n\t\t\t\t\t\t\t<h3 class=\"elementor-headline\">\n\t\t\t\t<span class=\"elementor-headline-dynamic-wrapper elementor-headline-text-wrapper\">\n\t\t\t\t\t<span class=\"elementor-headline-dynamic-text elementor-headline-text-active\">Goods with Vision<\/span>\n\t\t\t\t<\/span>\n\t\t\t\t<\/h3>\n\t\t\t\t\t\t<\/div>\n\t\t\t\t<\/div>\n\t\t<div class=\"elementor-element elementor-element-7b79439 e-flex e-con-boxed e-con e-parent\" data-id=\"7b79439\" data-element_type=\"container\" data-e-type=\"container\" data-settings=\"{&quot;background_background&quot;:&quot;classic&quot;}\">\n\t\t\t\t\t<div class=\"e-con-inner\">\n\t\t\t\t<div class=\"elementor-element elementor-element-20e3f2d elementor-widget elementor-widget-text-editor\" data-id=\"20e3f2d\" data-element_type=\"widget\" data-e-type=\"widget\" data-widget_type=\"text-editor.default\">\n\t\t\t\t\t\t\t\t\t<p>Goods with a Vision is a marketing strategy facilitates international trade to companies that, for various reasons, do not have a list of importers or register sector. With integral and personalized solutions, we help our clients to overcome the regulatory barriers and operational, ensuring that its operations are carried out efficiently, safely, and in accordance with law.<\/p>\t\t\t\t\t\t\t\t<\/div>\n\t\t\t\t\t<\/div>\n\t\t\t\t<\/div>\n\t\t<div class=\"elementor-element elementor-element-1b603b9 e-flex e-con-boxed e-con e-parent\" data-id=\"1b603b9\" data-element_type=\"container\" data-e-type=\"container\">\n\t\t\t\t\t<div class=\"e-con-inner\">\n\t\t\t\t<div class=\"elementor-element elementor-element-60c4e31 elementor-widget elementor-widget-spacer\" data-id=\"60c4e31\" data-element_type=\"widget\" data-e-type=\"widget\" data-widget_type=\"spacer.default\">\n\t\t\t\t\t\t\t<div class=\"elementor-spacer\">\n\t\t\t<div class=\"elementor-spacer-inner\"><\/div>\n\t\t<\/div>\n\t\t\t\t\t\t<\/div>\n\t\t\t\t\t<\/div>\n\t\t\t\t<\/div>\n\t\t<div class=\"elementor-element elementor-element-2485e4b e-flex e-con-boxed e-con e-parent\" data-id=\"2485e4b\" data-element_type=\"container\" data-e-type=\"container\">\n\t\t\t\t\t<div class=\"e-con-inner\">\n\t\t\t\t<div class=\"elementor-element elementor-element-26d0bfe elementor-widget elementor-widget-heading\" data-id=\"26d0bfe\" data-element_type=\"widget\" data-e-type=\"widget\" data-widget_type=\"heading.default\">\n\t\t\t\t\t<h2 class=\"elementor-heading-title elementor-size-default\">OUR VALUE PROPOSITION<\/h2>\t\t\t\t<\/div>\n\t\t\t\t\t<\/div>\n\t\t\t\t<\/div>\n\t\t<div class=\"elementor-element elementor-element-a17df22 e-con-full e-flex e-con e-parent\" data-id=\"a17df22\" data-element_type=\"container\" data-e-type=\"container\">\n\t\t<div class=\"elementor-element elementor-element-326d5ed e-con-full imagehover e-flex e-con e-child\" data-id=\"326d5ed\" data-element_type=\"container\" data-e-type=\"container\" data-settings=\"{&quot;background_background&quot;:&quot;classic&quot;}\">\n\t\t\t\t<div class=\"elementor-element elementor-element-0fc5ae0 elementor-widget elementor-widget-heading\" data-id=\"0fc5ae0\" data-element_type=\"widget\" data-e-type=\"widget\" data-widget_type=\"heading.default\">\n\t\t\t\t\t<h2 class=\"elementor-heading-title elementor-size-default\">Access Without Complications\n<\/h2>\t\t\t\t<\/div>\n\t\t\t\t<div class=\"elementor-element elementor-element-50690ba elementor-widget__width-initial elementor-widget elementor-widget-text-editor\" data-id=\"50690ba\" data-element_type=\"widget\" data-e-type=\"widget\" data-widget_type=\"text-editor.default\">\n\t\t\t\t\t\t\t\t\t<p>We act as a bridge reliable for companies that want to import goods to Mexico, eliminating the need for a list of importers or sector. We offer a comprehensive solution that simplifies every stage of the process.<\/p>\t\t\t\t\t\t\t\t<\/div>\n\t\t\t\t<\/div>\n\t\t<div class=\"elementor-element elementor-element-45c6fba e-con-full imagehover e-flex e-con e-child\" data-id=\"45c6fba\" data-element_type=\"container\" data-e-type=\"container\" data-settings=\"{&quot;background_background&quot;:&quot;classic&quot;}\">\n\t\t\t\t<div class=\"elementor-element elementor-element-2170567 elementor-widget elementor-widget-heading\" data-id=\"2170567\" data-element_type=\"widget\" data-e-type=\"widget\" data-widget_type=\"heading.default\">\n\t\t\t\t\t<h2 class=\"elementor-heading-title elementor-size-default\">Regulatory Compliance Guaranteed<\/h2>\t\t\t\t<\/div>\n\t\t\t\t<div class=\"elementor-element elementor-element-5f210e2 elementor-widget__width-initial elementor-widget elementor-widget-text-editor\" data-id=\"5f210e2\" data-element_type=\"widget\" data-e-type=\"widget\" data-widget_type=\"text-editor.default\">\n\t\t\t\t\t\t\t\t\t<p>We specialize in meeting the legal requirements and tax governing the operations of foreign trade, ensuring that each import is carried out in a transparent and risk-free.<\/p>\t\t\t\t\t\t\t\t<\/div>\n\t\t\t\t<\/div>\n\t\t<div class=\"elementor-element elementor-element-f10dd10 e-con-full imagehover e-flex e-con e-child\" data-id=\"f10dd10\" data-element_type=\"container\" data-e-type=\"container\" data-settings=\"{&quot;background_background&quot;:&quot;classic&quot;}\">\n\t\t\t\t<div class=\"elementor-element elementor-element-edc9d6d elementor-widget elementor-widget-heading\" data-id=\"edc9d6d\" data-element_type=\"widget\" data-e-type=\"widget\" data-widget_type=\"heading.default\">\n\t\t\t\t\t<h2 class=\"elementor-heading-title elementor-size-default\">Solutions Tailored to Each Client\n<\/h2>\t\t\t\t<\/div>\n\t\t\t\t<div class=\"elementor-element elementor-element-0e8f306 elementor-widget__width-initial elementor-widget elementor-widget-text-editor\" data-id=\"0e8f306\" data-element_type=\"widget\" data-e-type=\"widget\" data-widget_type=\"text-editor.default\">\n\t\t\t\t\t\t\t\t\t<p>We understand the specific needs of each company and we design customized strategies to optimize costs, time and resources on your business operations.<\/p>\t\t\t\t\t\t\t\t<\/div>\n\t\t\t\t<\/div>\n\t\t\t\t<\/div>\n\t\t<div class=\"elementor-element elementor-element-20a5adb e-flex e-con-boxed e-con e-parent\" data-id=\"20a5adb\" data-element_type=\"container\" data-e-type=\"container\">\n\t\t\t\t\t<div class=\"e-con-inner\">\n\t\t\t\t<div class=\"elementor-element elementor-element-eab7305 elementor-widget elementor-widget-spacer\" data-id=\"eab7305\" data-element_type=\"widget\" data-e-type=\"widget\" data-widget_type=\"spacer.default\">\n\t\t\t\t\t\t\t<div class=\"elementor-spacer\">\n\t\t\t<div class=\"elementor-spacer-inner\"><\/div>\n\t\t<\/div>\n\t\t\t\t\t\t<\/div>\n\t\t\t\t\t<\/div>\n\t\t\t\t<\/div>\n\t\t<div class=\"elementor-element elementor-element-a12610d e-flex e-con-boxed e-con e-parent\" data-id=\"a12610d\" data-element_type=\"container\" data-e-type=\"container\">\n\t\t\t\t\t<div class=\"e-con-inner\">\n\t\t\t\t<div class=\"elementor-element elementor-element-a089bb6 elementor-widget elementor-widget-heading\" data-id=\"a089bb6\" data-element_type=\"widget\" data-e-type=\"widget\" data-widget_type=\"heading.default\">\n\t\t\t\t\t<h2 class=\"elementor-heading-title elementor-size-default\">OUR SERVICES<\/h2>\t\t\t\t<\/div>\n\t\t\t\t\t<\/div>\n\t\t\t\t<\/div>\n\t\t<div class=\"elementor-element elementor-element-ef1a6c6 e-flex e-con-boxed e-con e-parent\" data-id=\"ef1a6c6\" data-element_type=\"container\" data-e-type=\"container\">\n\t\t\t\t\t<div class=\"e-con-inner\">\n\t\t<div class=\"elementor-element elementor-element-a6cd1ef e-con-full e-flex e-con e-child\" data-id=\"a6cd1ef\" data-element_type=\"container\" data-e-type=\"container\">\n\t\t\t\t<div class=\"elementor-element elementor-element-153ebb9 elementor-widget elementor-widget-image\" data-id=\"153ebb9\" data-element_type=\"widget\" data-e-type=\"widget\" data-widget_type=\"image.default\">\n\t\t\t\t\t\t\t\t\t\t\t\t\t\t\t<img fetchpriority=\"high\" decoding=\"async\" width=\"800\" height=\"437\" src=\"https:\/\/visionlogistic.net\/wp-content\/uploads\/2024\/12\/imagen_2024-12-03_140749707-1024x559.png\" class=\"attachment-large size-large wp-image-1275\" alt=\"\" srcset=\"https:\/\/visionlogistic.net\/wp-content\/uploads\/2024\/12\/imagen_2024-12-03_140749707-1024x559.png 1024w, https:\/\/visionlogistic.net\/wp-content\/uploads\/2024\/12\/imagen_2024-12-03_140749707-300x164.png 300w, https:\/\/visionlogistic.net\/wp-content\/uploads\/2024\/12\/imagen_2024-12-03_140749707-768x419.png 768w, https:\/\/visionlogistic.net\/wp-content\/uploads\/2024\/12\/imagen_2024-12-03_140749707-1536x838.png 1536w, https:\/\/visionlogistic.net\/wp-content\/uploads\/2024\/12\/imagen_2024-12-03_140749707-2048x1118.png 2048w, https:\/\/visionlogistic.net\/wp-content\/uploads\/2024\/12\/imagen_2024-12-03_140749707-18x10.png 18w\" sizes=\"(max-width: 800px) 100vw, 800px\" \/>\t\t\t\t\t\t\t\t\t\t\t\t\t\t\t<\/div>\n\t\t\t\t<\/div>\n\t\t<div class=\"elementor-element elementor-element-ba9cc9e e-con-full e-flex e-con e-child\" data-id=\"ba9cc9e\" data-element_type=\"container\" data-e-type=\"container\">\n\t\t<div class=\"elementor-element elementor-element-c3e0e9b e-con-full e-flex e-con e-child\" data-id=\"c3e0e9b\" data-element_type=\"container\" data-e-type=\"container\">\n\t\t\t\t<div class=\"elementor-element elementor-element-28b1a18 elementor-widget elementor-widget-heading\" data-id=\"28b1a18\" data-element_type=\"widget\" data-e-type=\"widget\" data-widget_type=\"heading.default\">\n\t\t\t\t\t<h5 class=\"elementor-heading-title elementor-size-default\">IMPORTS WITHOUT REGISTER<\/h5>\t\t\t\t<\/div>\n\t\t\t\t<\/div>\n\t\t<div class=\"elementor-element elementor-element-e34d1b3 e-con-full e-flex e-con e-child\" data-id=\"e34d1b3\" data-element_type=\"container\" data-e-type=\"container\">\n\t\t\t\t<div class=\"elementor-element elementor-element-ee28ab6 elementor-widget elementor-widget-text-editor\" data-id=\"ee28ab6\" data-element_type=\"widget\" data-e-type=\"widget\" data-widget_type=\"text-editor.default\">\n\t\t\t\t\t\t\t\t\t<p>We facilitate the entry of goods to Mexico for customers who do not have a list of importers or register sector, providing security and compliance in each operation.<\/p>\t\t\t\t\t\t\t\t<\/div>\n\t\t\t\t<\/div>\n\t\t\t\t<\/div>\n\t\t\t\t\t<\/div>\n\t\t\t\t<\/div>\n\t\t<div class=\"elementor-element elementor-element-e95e8e3 e-flex e-con-boxed e-con e-parent\" data-id=\"e95e8e3\" data-element_type=\"container\" data-e-type=\"container\">\n\t\t\t\t\t<div class=\"e-con-inner\">\n\t\t<div class=\"elementor-element elementor-element-027f671 e-con-full e-flex e-con e-child\" data-id=\"027f671\" data-element_type=\"container\" data-e-type=\"container\">\n\t\t\t\t<div class=\"elementor-element elementor-element-43d258d elementor-widget elementor-widget-image\" data-id=\"43d258d\" data-element_type=\"widget\" data-e-type=\"widget\" data-widget_type=\"image.default\">\n\t\t\t\t\t\t\t\t\t\t\t\t\t\t\t<img decoding=\"async\" width=\"800\" height=\"445\" src=\"https:\/\/visionlogistic.net\/wp-content\/uploads\/2024\/12\/imagen_2024-12-03_141520818-1024x569.png\" class=\"attachment-large size-large wp-image-1276\" alt=\"\" srcset=\"https:\/\/visionlogistic.net\/wp-content\/uploads\/2024\/12\/imagen_2024-12-03_141520818-1024x569.png 1024w, https:\/\/visionlogistic.net\/wp-content\/uploads\/2024\/12\/imagen_2024-12-03_141520818-300x167.png 300w, https:\/\/visionlogistic.net\/wp-content\/uploads\/2024\/12\/imagen_2024-12-03_141520818-768x427.png 768w, https:\/\/visionlogistic.net\/wp-content\/uploads\/2024\/12\/imagen_2024-12-03_141520818-18x10.png 18w, https:\/\/visionlogistic.net\/wp-content\/uploads\/2024\/12\/imagen_2024-12-03_141520818.png 1170w\" sizes=\"(max-width: 800px) 100vw, 800px\" \/>\t\t\t\t\t\t\t\t\t\t\t\t\t\t\t<\/div>\n\t\t\t\t<\/div>\n\t\t<div class=\"elementor-element elementor-element-a702f49 e-con-full e-flex e-con e-child\" data-id=\"a702f49\" data-element_type=\"container\" data-e-type=\"container\">\n\t\t<div class=\"elementor-element elementor-element-dc6062f e-con-full e-flex e-con e-child\" data-id=\"dc6062f\" data-element_type=\"container\" data-e-type=\"container\">\n\t\t\t\t<div class=\"elementor-element elementor-element-5f7a29a elementor-widget elementor-widget-heading\" data-id=\"5f7a29a\" data-element_type=\"widget\" data-e-type=\"widget\" data-widget_type=\"heading.default\">\n\t\t\t\t\t<h5 class=\"elementor-heading-title elementor-size-default\">Comprehensive management of the Import Process<\/h5>\t\t\t\t<\/div>\n\t\t\t\t<\/div>\n\t\t<div class=\"elementor-element elementor-element-c21d577 e-con-full e-flex e-con e-child\" data-id=\"c21d577\" data-element_type=\"container\" data-e-type=\"container\">\n\t\t\t\t<div class=\"elementor-element elementor-element-62ecdd6 elementor-widget elementor-widget-text-editor\" data-id=\"62ecdd6\" data-element_type=\"widget\" data-e-type=\"widget\" data-widget_type=\"text-editor.default\">\n\t\t\t\t\t\t\t\t\t<p>We coordinate every stage of the business process, from receipt of goods to delivery, ensuring an efficient management and professional.<\/p>\t\t\t\t\t\t\t\t<\/div>\n\t\t\t\t<\/div>\n\t\t\t\t<\/div>\n\t\t\t\t\t<\/div>\n\t\t\t\t<\/div>\n\t\t<div class=\"elementor-element elementor-element-792f9a4 e-flex e-con-boxed e-con e-parent\" data-id=\"792f9a4\" data-element_type=\"container\" data-e-type=\"container\">\n\t\t\t\t\t<div class=\"e-con-inner\">\n\t\t<div class=\"elementor-element elementor-element-8082165 e-con-full e-flex e-con e-child\" data-id=\"8082165\" data-element_type=\"container\" data-e-type=\"container\">\n\t\t\t\t<div class=\"elementor-element elementor-element-bdb1372 elementor-widget elementor-widget-image\" data-id=\"bdb1372\" data-element_type=\"widget\" data-e-type=\"widget\" data-widget_type=\"image.default\">\n\t\t\t\t\t\t\t\t\t\t\t\t\t\t\t<img decoding=\"async\" width=\"800\" height=\"499\" src=\"https:\/\/visionlogistic.net\/wp-content\/uploads\/2024\/12\/imagen_2024-12-03_141920047.png\" class=\"attachment-large size-large wp-image-1277\" alt=\"\" srcset=\"https:\/\/visionlogistic.net\/wp-content\/uploads\/2024\/12\/imagen_2024-12-03_141920047.png 850w, https:\/\/visionlogistic.net\/wp-content\/uploads\/2024\/12\/imagen_2024-12-03_141920047-300x187.png 300w, https:\/\/visionlogistic.net\/wp-content\/uploads\/2024\/12\/imagen_2024-12-03_141920047-768x479.png 768w, https:\/\/visionlogistic.net\/wp-content\/uploads\/2024\/12\/imagen_2024-12-03_141920047-18x12.png 18w\" sizes=\"(max-width: 800px) 100vw, 800px\" \/>\t\t\t\t\t\t\t\t\t\t\t\t\t\t\t<\/div>\n\t\t\t\t<\/div>\n\t\t<div class=\"elementor-element elementor-element-ffef040 e-con-full e-flex e-con e-child\" data-id=\"ffef040\" data-element_type=\"container\" data-e-type=\"container\">\n\t\t<div class=\"elementor-element elementor-element-7cfe020 e-con-full e-flex e-con e-child\" data-id=\"7cfe020\" data-element_type=\"container\" data-e-type=\"container\">\n\t\t\t\t<div class=\"elementor-element elementor-element-5e72dae elementor-widget elementor-widget-heading\" data-id=\"5e72dae\" data-element_type=\"widget\" data-e-type=\"widget\" data-widget_type=\"heading.default\">\n\t\t\t\t\t<h5 class=\"elementor-heading-title elementor-size-default\">Logistics and Warehousing Complementary\n<\/h5>\t\t\t\t<\/div>\n\t\t\t\t<\/div>\n\t\t<div class=\"elementor-element elementor-element-762c7be e-con-full e-flex e-con e-child\" data-id=\"762c7be\" data-element_type=\"container\" data-e-type=\"container\">\n\t\t\t\t<div class=\"elementor-element elementor-element-01ded28 elementor-widget elementor-widget-text-editor\" data-id=\"01ded28\" data-element_type=\"widget\" data-e-type=\"widget\" data-widget_type=\"text-editor.default\">\n\t\t\t\t\t\t\t\t\t<p>We offer additional services from storage and distribution to maintain the operational continuity of the supply chain.<\/p>\t\t\t\t\t\t\t\t<\/div>\n\t\t\t\t<\/div>\n\t\t\t\t<\/div>\n\t\t\t\t\t<\/div>\n\t\t\t\t<\/div>\n\t\t<div class=\"elementor-element elementor-element-7c5adb9 e-flex e-con-boxed e-con e-parent\" data-id=\"7c5adb9\" data-element_type=\"container\" data-e-type=\"container\">\n\t\t\t\t\t<div class=\"e-con-inner\">\n\t\t\t\t<div class=\"elementor-element elementor-element-5bf77ab elementor-widget elementor-widget-spacer\" data-id=\"5bf77ab\" data-element_type=\"widget\" data-e-type=\"widget\" data-widget_type=\"spacer.default\">\n\t\t\t\t\t\t\t<div class=\"elementor-spacer\">\n\t\t\t<div class=\"elementor-spacer-inner\"><\/div>\n\t\t<\/div>\n\t\t\t\t\t\t<\/div>\n\t\t\t\t\t<\/div>\n\t\t\t\t<\/div>\n\t\t<div class=\"elementor-element elementor-element-e9416b9 e-flex e-con-boxed e-con e-parent\" data-id=\"e9416b9\" data-element_type=\"container\" data-e-type=\"container\">\n\t\t\t\t\t<div class=\"e-con-inner\">\n\t\t\t\t<div class=\"elementor-element elementor-element-ae51945 elementor-widget elementor-widget-heading\" data-id=\"ae51945\" data-element_type=\"widget\" data-e-type=\"widget\" data-widget_type=\"heading.default\">\n\t\t\t\t\t<h2 class=\"elementor-heading-title elementor-size-default\">Our Commitment\n<\/h2>\t\t\t\t<\/div>\n\t\t\t\t<div class=\"elementor-element elementor-element-414c6eb elementor-widget elementor-widget-text-editor\" data-id=\"414c6eb\" data-element_type=\"widget\" data-e-type=\"widget\" data-widget_type=\"text-editor.default\">\n\t\t\t\t\t\t\t\t\t<p>In Goods with Vision, we strive to provide practical solutions and strategies that simplify the operations of importing for our customers. Our team, backed by years of experience and a deep knowledge of the regulations mexican, working with a tailored approach that ensures effective results. As part of the Group Vision, we are your reliable partner for access to the mexican market with success and peace of mind.<\/p>\t\t\t\t\t\t\t\t<\/div>\n\t\t\t\t\t<\/div>\n\t\t\t\t<\/div>\n\t\t<div class=\"elementor-element elementor-element-76794b1 e-flex e-con-boxed e-con e-parent\" data-id=\"76794b1\" data-element_type=\"container\" data-e-type=\"container\">\n\t\t\t\t\t<div class=\"e-con-inner\">\n\t\t\t\t<div class=\"elementor-element elementor-element-1b4e71e elementor-widget elementor-widget-spacer\" data-id=\"1b4e71e\" data-element_type=\"widget\" data-e-type=\"widget\" data-widget_type=\"spacer.default\">\n\t\t\t\t\t\t\t<div class=\"elementor-spacer\">\n\t\t\t<div class=\"elementor-spacer-inner\"><\/div>\n\t\t<\/div>\n\t\t\t\t\t\t<\/div>\n\t\t\t\t\t<\/div>\n\t\t\t\t<\/div>\n\t\t\t\t<\/div>","protected":false},"excerpt":{"rendered":"<p>Mercader\u00edas con Visi\u00f3n Mercader\u00edas con Visi\u00f3n es una comercializadora estrat\u00e9gica que facilita el comercio internacional para empresas que, por diversas razones, no cuentan con un padr\u00f3n de importadores o padr\u00f3n sectoriales. Con soluciones integrales y personalizadas, ayudamos a nuestros clientes a superar las barreras normativas y operativas, asegurando que sus operaciones se realicen de manera [&hellip;]<\/p>\n","protected":false},"author":2,"featured_media":0,"parent":0,"menu_order":0,"comment_status":"closed","ping_status":"closed","template":"","meta":{"footnotes":""},"class_list":["post-1265","page","type-page","status-publish","hentry"],"_links":{"self":[{"href":"https:\/\/visionlogistic.net\/en\/wp-json\/wp\/v2\/pages\/1265","targetHints":{"allow":["GET"]}}],"collection":[{"href":"https:\/\/visionlogistic.net\/en\/wp-json\/wp\/v2\/pages"}],"about":[{"href":"https:\/\/visionlogistic.net\/en\/wp-json\/wp\/v2\/types\/page"}],"author":[{"embeddable":true,"href":"https:\/\/visionlogistic.net\/en\/wp-json\/wp\/v2\/users\/2"}],"replies":[{"embeddable":true,"href":"https:\/\/visionlogistic.net\/en\/wp-json\/wp\/v2\/comments?post=1265"}],"version-history":[{"count":10,"href":"https:\/\/visionlogistic.net\/en\/wp-json\/wp\/v2\/pages\/1265\/revisions"}],"predecessor-version":[{"id":1413,"href":"https:\/\/visionlogistic.net\/en\/wp-json\/wp\/v2\/pages\/1265\/revisions\/1413"}],"wp:attachment":[{"href":"https:\/\/visionlogistic.net\/en\/wp-json\/wp\/v2\/media?parent=1265"}],"curies":[{"name":"wp","href":"https:\/\/api.w.org\/{rel}","templated":true}]}}