{"id":1429,"date":"2024-12-05T23:44:01","date_gmt":"2024-12-05T23:44:01","guid":{"rendered":"https:\/\/aepe.com.mx\/?page_id=1429"},"modified":"2025-09-26T20:04:08","modified_gmt":"2025-09-26T20:04:08","slug":"servicio-comercializadora","status":"publish","type":"page","link":"https:\/\/visionlogistic.net\/en\/servicio-comercializadora\/","title":{"rendered":"Servicio Comercializadora"},"content":{"rendered":"<div data-elementor-type=\"wp-page\" data-elementor-id=\"1429\" class=\"elementor elementor-1429\" data-elementor-post-type=\"page\">\n\t\t\t\t<div class=\"elementor-element elementor-element-522918f e-con-full e-flex e-con e-parent\" data-id=\"522918f\" data-element_type=\"container\" data-e-type=\"container\" data-settings=\"{&quot;background_background&quot;:&quot;classic&quot;}\">\n\t\t\t\t<div class=\"elementor-element elementor-element-404e28c elementor-widget elementor-widget-heading\" data-id=\"404e28c\" data-element_type=\"widget\" data-e-type=\"widget\" data-widget_type=\"heading.default\">\n\t\t\t\t\t<h2 class=\"elementor-heading-title elementor-size-default\">SERVICE MARKETING<\/h2>\t\t\t\t<\/div>\n\t\t\t\t<div class=\"elementor-element elementor-element-2d9b7a7 elementor-widget-divider--view-line elementor-widget elementor-widget-divider\" data-id=\"2d9b7a7\" data-element_type=\"widget\" data-e-type=\"widget\" data-widget_type=\"divider.default\">\n\t\t\t\t\t\t\t<div class=\"elementor-divider\">\n\t\t\t<span class=\"elementor-divider-separator\">\n\t\t\t\t\t\t<\/span>\n\t\t<\/div>\n\t\t\t\t\t\t<\/div>\n\t\t\t\t<div class=\"elementor-element elementor-element-1bb856e elementor-widget elementor-widget-heading\" data-id=\"1bb856e\" data-element_type=\"widget\" data-e-type=\"widget\" data-widget_type=\"heading.default\">\n\t\t\t\t\t<h2 class=\"elementor-heading-title elementor-size-default\">GROUP VISION<\/h2>\t\t\t\t<\/div>\n\t\t\t\t<\/div>\n\t\t<div class=\"elementor-element elementor-element-520ee16 e-flex e-con-boxed e-con e-parent\" data-id=\"520ee16\" data-element_type=\"container\" data-e-type=\"container\">\n\t\t\t\t\t<div class=\"e-con-inner\">\n\t\t\t\t<div class=\"elementor-element elementor-element-0e23f54 elementor-widget elementor-widget-spacer\" data-id=\"0e23f54\" data-element_type=\"widget\" data-e-type=\"widget\" data-widget_type=\"spacer.default\">\n\t\t\t\t\t\t\t<div class=\"elementor-spacer\">\n\t\t\t<div class=\"elementor-spacer-inner\"><\/div>\n\t\t<\/div>\n\t\t\t\t\t\t<\/div>\n\t\t\t\t<div class=\"elementor-element elementor-element-7893cc4 elementor-widget elementor-widget-heading\" data-id=\"7893cc4\" data-element_type=\"widget\" data-e-type=\"widget\" data-widget_type=\"heading.default\">\n\t\t\t\t\t<h2 class=\"elementor-heading-title elementor-size-default\">GROUP VISION<\/h2>\t\t\t\t<\/div>\n\t\t\t\t<div class=\"elementor-element elementor-element-180ab0d elementor-widget elementor-widget-text-editor\" data-id=\"180ab0d\" data-element_type=\"widget\" data-e-type=\"widget\" data-widget_type=\"text-editor.default\">\n\t\t\t\t\t\t\t\t\t<p>we are committed to the success of your business in the international markets. Our experience in internationalisation processes allows us to offer strategic solutions and customized for companies that want to expand its reach into Mexico.<\/p>\t\t\t\t\t\t\t\t<\/div>\n\t\t\t\t\t<\/div>\n\t\t\t\t<\/div>\n\t\t<div class=\"elementor-element elementor-element-2fc57de e-flex e-con-boxed e-con e-parent\" data-id=\"2fc57de\" data-element_type=\"container\" data-e-type=\"container\">\n\t\t\t\t\t<div class=\"e-con-inner\">\n\t\t<div class=\"elementor-element elementor-element-64a314c e-con-full e-flex e-con e-child\" data-id=\"64a314c\" data-element_type=\"container\" data-e-type=\"container\">\n\t\t\t\t<div class=\"elementor-element elementor-element-2204374 elementor-widget elementor-widget-image\" data-id=\"2204374\" data-element_type=\"widget\" data-e-type=\"widget\" data-widget_type=\"image.default\">\n\t\t\t\t\t\t\t\t\t\t\t\t\t\t\t<img fetchpriority=\"high\" decoding=\"async\" width=\"800\" height=\"445\" src=\"https:\/\/visionlogistic.net\/wp-content\/uploads\/2024\/12\/imagen_2024-12-05_185007252-1024x570.png\" class=\"attachment-large size-large wp-image-1444\" alt=\"\" srcset=\"https:\/\/visionlogistic.net\/wp-content\/uploads\/2024\/12\/imagen_2024-12-05_185007252-1024x570.png 1024w, https:\/\/visionlogistic.net\/wp-content\/uploads\/2024\/12\/imagen_2024-12-05_185007252-300x167.png 300w, https:\/\/visionlogistic.net\/wp-content\/uploads\/2024\/12\/imagen_2024-12-05_185007252-768x428.png 768w, https:\/\/visionlogistic.net\/wp-content\/uploads\/2024\/12\/imagen_2024-12-05_185007252-18x10.png 18w, https:\/\/visionlogistic.net\/wp-content\/uploads\/2024\/12\/imagen_2024-12-05_185007252.png 1200w\" sizes=\"(max-width: 800px) 100vw, 800px\" \/>\t\t\t\t\t\t\t\t\t\t\t\t\t\t\t<\/div>\n\t\t\t\t<\/div>\n\t\t<div class=\"elementor-element elementor-element-1faf26a e-con-full e-flex e-con e-child\" data-id=\"1faf26a\" data-element_type=\"container\" data-e-type=\"container\">\n\t\t<div class=\"elementor-element elementor-element-0a3c92e e-con-full e-flex e-con e-child\" data-id=\"0a3c92e\" data-element_type=\"container\" data-e-type=\"container\">\n\t\t\t\t<div class=\"elementor-element elementor-element-c43b698 elementor-widget elementor-widget-heading\" data-id=\"c43b698\" data-element_type=\"widget\" data-e-type=\"widget\" data-widget_type=\"heading.default\">\n\t\t\t\t\t<h2 class=\"elementor-heading-title elementor-size-default\">What can we do for you?\n<\/h2>\t\t\t\t<\/div>\n\t\t\t\t<\/div>\n\t\t<div class=\"elementor-element elementor-element-feb07bd e-con-full e-flex e-con e-child\" data-id=\"feb07bd\" data-element_type=\"container\" data-e-type=\"container\">\n\t\t\t\t<div class=\"elementor-element elementor-element-2b07409 elementor-widget elementor-widget-text-editor\" data-id=\"2b07409\" data-element_type=\"widget\" data-e-type=\"widget\" data-widget_type=\"text-editor.default\">\n\t\t\t\t\t\t\t\t\t<p>We provide additional services designed especially for exporters possible, helping to overcome the logistical challenges, legal, and business on your path to new markets.<\/p>\t\t\t\t\t\t\t\t<\/div>\n\t\t\t\t<\/div>\n\t\t\t\t<\/div>\n\t\t\t\t\t<\/div>\n\t\t\t\t<\/div>\n\t\t<div class=\"elementor-element elementor-element-5ee4229 e-flex e-con-boxed e-con e-parent\" data-id=\"5ee4229\" data-element_type=\"container\" data-e-type=\"container\">\n\t\t\t\t\t<div class=\"e-con-inner\">\n\t\t\t\t<div class=\"elementor-element elementor-element-0235977 elementor-widget elementor-widget-spacer\" data-id=\"0235977\" data-element_type=\"widget\" data-e-type=\"widget\" data-widget_type=\"spacer.default\">\n\t\t\t\t\t\t\t<div class=\"elementor-spacer\">\n\t\t\t<div class=\"elementor-spacer-inner\"><\/div>\n\t\t<\/div>\n\t\t\t\t\t\t<\/div>\n\t\t\t\t<div class=\"elementor-element elementor-element-b195de2 elementor-widget elementor-widget-heading\" data-id=\"b195de2\" data-element_type=\"widget\" data-e-type=\"widget\" data-widget_type=\"heading.default\">\n\t\t\t\t\t<h2 class=\"elementor-heading-title elementor-size-default\">Our areas of Specialty\n<\/h2>\t\t\t\t<\/div>\n\t\t\t\t<div class=\"elementor-element elementor-element-0608587 elementor-widget elementor-widget-text-editor\" data-id=\"0608587\" data-element_type=\"widget\" data-e-type=\"widget\" data-widget_type=\"text-editor.default\">\n\t\t\t\t\t\t\t\t\t<p>We are experts in the marketing of products belonging to the following industrial sectors:<\/p>\t\t\t\t\t\t\t\t<\/div>\n\t\t\t\t\t<\/div>\n\t\t\t\t<\/div>\n\t\t<div class=\"elementor-element elementor-element-2bf2ada e-flex e-con-boxed e-con e-parent\" data-id=\"2bf2ada\" data-element_type=\"container\" data-e-type=\"container\">\n\t\t\t\t\t<div class=\"e-con-inner\">\n\t\t<div class=\"elementor-element elementor-element-0aff261 e-con-full e-flex e-con e-child\" data-id=\"0aff261\" data-element_type=\"container\" data-e-type=\"container\">\n\t\t\t\t<div class=\"elementor-element elementor-element-bcc03d4 ekit-equal-height-disable elementor-widget elementor-widget-elementskit-image-box\" data-id=\"bcc03d4\" data-element_type=\"widget\" data-e-type=\"widget\" data-widget_type=\"elementskit-image-box.default\">\n\t\t\t\t\t<div class=\"ekit-wid-con\" >\n            <div class=\"elementskit-info-image-box ekit-image-box text-center hover_from_right hover-border-bottom\" >\n\n                \n                <div class=\"elementskit-box-header image-box-img-center\">\n\n                    <img decoding=\"async\" width=\"1000\" height=\"667\" src=\"https:\/\/visionlogistic.net\/wp-content\/uploads\/2024\/12\/imagen_2024-12-05_192610604.png\" class=\"attachment-full size-full wp-image-1450\" alt=\"\" srcset=\"https:\/\/visionlogistic.net\/wp-content\/uploads\/2024\/12\/imagen_2024-12-05_192610604.png 1000w, https:\/\/visionlogistic.net\/wp-content\/uploads\/2024\/12\/imagen_2024-12-05_192610604-300x200.png 300w, https:\/\/visionlogistic.net\/wp-content\/uploads\/2024\/12\/imagen_2024-12-05_192610604-768x512.png 768w, https:\/\/visionlogistic.net\/wp-content\/uploads\/2024\/12\/imagen_2024-12-05_192610604-18x12.png 18w\" sizes=\"(max-width: 1000px) 100vw, 1000px\" \/>\n                <\/div>\n                \n                <div class=\"elementskit-box-body ekit-image-box-body\">\n                    <div class=\"elementskit-box-content ekit-image-box-body-inner\">\n                                                <h3 class=\"elementskit-info-box-title\">\n\n                        Footwear\n                        \n                    <\/h3>\n                                                            <div class=\"elementskit-box-style-content\">\n                        From production to distribution, we connect your company with the appropriate markets.\n                    <\/div>\n                                    <\/div>\n\n                            <\/div>\n            <\/div>\n    <\/div>\t\t\t\t<\/div>\n\t\t\t\t<\/div>\n\t\t<div class=\"elementor-element elementor-element-3cd4123 e-con-full e-flex e-con e-child\" data-id=\"3cd4123\" data-element_type=\"container\" data-e-type=\"container\">\n\t\t\t\t<div class=\"elementor-element elementor-element-6f1e4f6 ekit-equal-height-disable elementor-widget elementor-widget-elementskit-image-box\" data-id=\"6f1e4f6\" data-element_type=\"widget\" data-e-type=\"widget\" data-widget_type=\"elementskit-image-box.default\">\n\t\t\t\t\t<div class=\"ekit-wid-con\" >\n            <div class=\"elementskit-info-image-box ekit-image-box text-center hover_from_right hover-border-bottom\" >\n\n                \n                <div class=\"elementskit-box-header image-box-img-center\">\n\n                    <img decoding=\"async\" width=\"1200\" height=\"820\" src=\"https:\/\/visionlogistic.net\/wp-content\/uploads\/2024\/12\/imagen_2024-12-05_192908389.png\" class=\"attachment-full size-full wp-image-1451\" alt=\"\" srcset=\"https:\/\/visionlogistic.net\/wp-content\/uploads\/2024\/12\/imagen_2024-12-05_192908389.png 1200w, https:\/\/visionlogistic.net\/wp-content\/uploads\/2024\/12\/imagen_2024-12-05_192908389-300x205.png 300w, https:\/\/visionlogistic.net\/wp-content\/uploads\/2024\/12\/imagen_2024-12-05_192908389-1024x700.png 1024w, https:\/\/visionlogistic.net\/wp-content\/uploads\/2024\/12\/imagen_2024-12-05_192908389-768x525.png 768w, https:\/\/visionlogistic.net\/wp-content\/uploads\/2024\/12\/imagen_2024-12-05_192908389-18x12.png 18w\" sizes=\"(max-width: 1200px) 100vw, 1200px\" \/>\n                <\/div>\n                \n                <div class=\"elementskit-box-body ekit-image-box-body\">\n                    <div class=\"elementskit-box-content ekit-image-box-body-inner\">\n                                                <h3 class=\"elementskit-info-box-title\">\n\n                        Textile\n                        \n                    <\/h3>\n                                                            <div class=\"elementskit-box-style-content\">\n                        We facilitate the entry of textiles and clothing in the mexican market.\n                    <\/div>\n                                    <\/div>\n\n                            <\/div>\n            <\/div>\n    <\/div>\t\t\t\t<\/div>\n\t\t\t\t<\/div>\n\t\t<div class=\"elementor-element elementor-element-220ba42 e-con-full e-flex e-con e-child\" data-id=\"220ba42\" data-element_type=\"container\" data-e-type=\"container\">\n\t\t\t\t<div class=\"elementor-element elementor-element-3ddd29b ekit-equal-height-disable elementor-widget elementor-widget-elementskit-image-box\" data-id=\"3ddd29b\" data-element_type=\"widget\" data-e-type=\"widget\" data-widget_type=\"elementskit-image-box.default\">\n\t\t\t\t\t<div class=\"ekit-wid-con\" >\n            <div class=\"elementskit-info-image-box ekit-image-box text-center hover_from_right hover-border-bottom\" >\n\n                \n                <div class=\"elementskit-box-header image-box-img-center\">\n\n                    <img loading=\"lazy\" decoding=\"async\" width=\"750\" height=\"499\" src=\"https:\/\/visionlogistic.net\/wp-content\/uploads\/2024\/12\/imagen_2024-12-05_192948066.png\" class=\"attachment-full size-full wp-image-1452\" alt=\"\" srcset=\"https:\/\/visionlogistic.net\/wp-content\/uploads\/2024\/12\/imagen_2024-12-05_192948066.png 750w, https:\/\/visionlogistic.net\/wp-content\/uploads\/2024\/12\/imagen_2024-12-05_192948066-300x200.png 300w, https:\/\/visionlogistic.net\/wp-content\/uploads\/2024\/12\/imagen_2024-12-05_192948066-18x12.png 18w\" sizes=\"(max-width: 750px) 100vw, 750px\" \/>\n                <\/div>\n                \n                <div class=\"elementskit-box-body ekit-image-box-body\">\n                    <div class=\"elementskit-box-content ekit-image-box-body-inner\">\n                                                <h3 class=\"elementskit-info-box-title\">\n\n                        Iron and Steel\n                        \n                    <\/h3>\n                                                            <div class=\"elementskit-box-style-content\">\n                        Boost your opportunities in the metallurgical industry.\n                    <\/div>\n                                    <\/div>\n\n                            <\/div>\n            <\/div>\n    <\/div>\t\t\t\t<\/div>\n\t\t\t\t<\/div>\n\t\t<div class=\"elementor-element elementor-element-7befd2c e-con-full e-flex e-con e-child\" data-id=\"7befd2c\" data-element_type=\"container\" data-e-type=\"container\">\n\t\t\t\t<div class=\"elementor-element elementor-element-731a311 ekit-equal-height-disable elementor-widget elementor-widget-elementskit-image-box\" data-id=\"731a311\" data-element_type=\"widget\" data-e-type=\"widget\" data-widget_type=\"elementskit-image-box.default\">\n\t\t\t\t\t<div class=\"ekit-wid-con\" >\n            <div class=\"elementskit-info-image-box ekit-image-box text-center hover_from_right hover-border-bottom\" >\n\n                \n                <div class=\"elementskit-box-header image-box-img-center\">\n\n                    <img loading=\"lazy\" decoding=\"async\" width=\"680\" height=\"451\" src=\"https:\/\/visionlogistic.net\/wp-content\/uploads\/2024\/12\/imagen_2024-12-05_193256090.png\" class=\"attachment-full size-full wp-image-1454\" alt=\"\" srcset=\"https:\/\/visionlogistic.net\/wp-content\/uploads\/2024\/12\/imagen_2024-12-05_193256090.png 680w, https:\/\/visionlogistic.net\/wp-content\/uploads\/2024\/12\/imagen_2024-12-05_193256090-300x199.png 300w, https:\/\/visionlogistic.net\/wp-content\/uploads\/2024\/12\/imagen_2024-12-05_193256090-18x12.png 18w\" sizes=\"(max-width: 680px) 100vw, 680px\" \/>\n                <\/div>\n                \n                <div class=\"elementskit-box-body ekit-image-box-body\">\n                    <div class=\"elementskit-box-content ekit-image-box-body-inner\">\n                                                <h3 class=\"elementskit-info-box-title\">\n\n                        Wines and Spirits\n                        \n                    <\/h3>\n                                                            <div class=\"elementskit-box-style-content\">\n                        We take your premium products to the consumers who value them.\nWhy choose us\n                    <\/div>\n                                    <\/div>\n\n                            <\/div>\n            <\/div>\n    <\/div>\t\t\t\t<\/div>\n\t\t\t\t<\/div>\n\t\t\t\t\t<\/div>\n\t\t\t\t<\/div>\n\t\t<div class=\"elementor-element elementor-element-c6a2708 e-flex e-con-boxed e-con e-parent\" data-id=\"c6a2708\" data-element_type=\"container\" data-e-type=\"container\">\n\t\t\t\t\t<div class=\"e-con-inner\">\n\t\t<div class=\"elementor-element elementor-element-0a382f8 e-con-full e-flex e-con e-child\" data-id=\"0a382f8\" data-element_type=\"container\" data-e-type=\"container\">\n\t\t\t\t<div class=\"elementor-element elementor-element-874f869 elementor-widget elementor-widget-image\" data-id=\"874f869\" data-element_type=\"widget\" data-e-type=\"widget\" data-widget_type=\"image.default\">\n\t\t\t\t\t\t\t\t\t\t\t\t\t\t\t<img loading=\"lazy\" decoding=\"async\" width=\"580\" height=\"485\" src=\"https:\/\/visionlogistic.net\/wp-content\/uploads\/2024\/11\/grupo_vision_logo_slide-2.png\" class=\"attachment-large size-large wp-image-794\" alt=\"\" srcset=\"https:\/\/visionlogistic.net\/wp-content\/uploads\/2024\/11\/grupo_vision_logo_slide-2.png 580w, https:\/\/visionlogistic.net\/wp-content\/uploads\/2024\/11\/grupo_vision_logo_slide-2-300x251.png 300w\" sizes=\"(max-width: 580px) 100vw, 580px\" \/>\t\t\t\t\t\t\t\t\t\t\t\t\t\t\t<\/div>\n\t\t\t\t<\/div>\n\t\t<div class=\"elementor-element elementor-element-8d8d180 e-con-full e-flex e-con e-child\" data-id=\"8d8d180\" data-element_type=\"container\" data-e-type=\"container\">\n\t\t<div class=\"elementor-element elementor-element-c6df059 e-con-full e-flex e-con e-child\" data-id=\"c6df059\" data-element_type=\"container\" data-e-type=\"container\">\n\t\t\t\t<div class=\"elementor-element elementor-element-dac1b12 elementor-widget elementor-widget-text-editor\" data-id=\"dac1b12\" data-element_type=\"widget\" data-e-type=\"widget\" data-widget_type=\"text-editor.default\">\n\t\t\t\t\t\t\t\t\t<p>Group Vision, our goal is to be a strategic partner to your company, providing value and experience to ensure a successful transition to the mexican market.<\/p>\t\t\t\t\t\t\t\t<\/div>\n\t\t\t\t<\/div>\n\t\t<div class=\"elementor-element elementor-element-a670bb7 e-con-full e-flex e-con e-child\" data-id=\"a670bb7\" data-element_type=\"container\" data-e-type=\"container\">\n\t\t<div class=\"elementor-element elementor-element-6056bb6 e-con-full e-flex e-con e-child\" data-id=\"6056bb6\" data-element_type=\"container\" data-e-type=\"container\">\n\t\t\t\t<div class=\"elementor-element elementor-element-18f6b42 elementor-widget elementor-widget-html\" data-id=\"18f6b42\" data-element_type=\"widget\" data-e-type=\"widget\" data-widget_type=\"html.default\">\n\t\t\t\t\t<!-- Contenedor centrado -->\r\n<div style=\"text-align: center; margin: 30px 0;\">\r\n  <p style=\"font-size: 18px; font-weight: bold; color: #0b1d4d; font-style: italic; margin-bottom: 15px;\">\r\n    \u00a1Cont\u00e1ctanos hoy y descubre c\u00f3mo podemos ayudarte a lograr tus metas de internacionalizaci\u00f3n!\u200b\r\n  <\/p>\r\n\r\n  <!-- Bot\u00f3n principal -->\r\n  <button id=\"enviarCorreo\" class=\"btn-contacto\">\u00a1Cont\u00e1ctanos!<\/button>\r\n  <br>\r\n  <small>\r\n    <a href=\"#\" id=\"cambiarPreferencia\" style=\"color:#0056d6; font-weight:bold;\">Cambiar preferencia de correo<\/a>\r\n  <\/small>\r\n<\/div>\r\n\r\n<!-- Popup oculto -->\r\n<div id=\"popupCorreo\" style=\"  display:none;  position:fixed;  top:0; left:0;  width:100%; height:100%;  background:rgba(0,0,0,0.6);  z-index:9999;  justify-content:center;  align-items:center;\">\r\n  <div style=\"    background:#fff;    padding:20px;    border-radius:10px;    text-align:center;    max-width:320px;    width:85%;    font-family:sans-serif;    box-shadow:0 5px 15px rgba(0,0,0,0.3);  \">\r\n    <h3 style=\"margin-bottom:15px; color:#0d2d6c;\">\r\n      \u00bfC\u00f3mo quieres enviar tu correo?\r\n    <\/h3>\r\n    <button id=\"usarGmail\" class=\"btn-contacto\">\ud83d\udce7 Gmail<\/button>\r\n    <button id=\"usarOutlook\" class=\"btn-contacto\">\ud83d\udcbc Outlook<\/button>\r\n    <button id=\"usarOtro\" class=\"btn-contacto\">\ud83d\udcee Otro cliente<\/button>\r\n    <br><br>\r\n    <button id=\"cerrarPopup\" class=\"btn-cancelar\">Cancelar<\/button>\r\n  <\/div>\r\n<\/div>\r\n\r\n<style>\r\n  \/* Bot\u00f3n principal y opciones del popup *\/\r\n  .btn-contacto {\r\n    background:#0056d2; \/* Azul como tu bot\u00f3n *\/\r\n    color:#fff;\r\n    border:none;\r\n    padding:14px 28px;\r\n    margin:8px 0;\r\n    font-size:16px;\r\n    font-weight:bold;\r\n    text-transform:uppercase;\r\n    border-radius:6px;\r\n    cursor:pointer;\r\n    width:100%;\r\n    box-shadow:0 4px 6px rgba(0,0,0,0.2);\r\n    transition:0.3s;\r\n  }\r\n\r\n  .btn-contacto:hover {\r\n    background:#0041a8; \/* Azul m\u00e1s oscuro al pasar el mouse *\/\r\n  }\r\n\r\n  \/* Bot\u00f3n cancelar en el popup *\/\r\n  .btn-cancelar {\r\n    background:#ccc;\r\n    color:#000;\r\n    border:none;\r\n    padding:10px 20px;\r\n    border-radius:6px;\r\n    font-weight:bold;\r\n    cursor:pointer;\r\n    transition:0.3s;\r\n  }\r\n\r\n  .btn-cancelar:hover {\r\n    background:#999;\r\n  }\r\n<\/style>\r\n\r\n<script>\r\n  const email = \"mensajeria@cmesc.com.mx\";\r\n  const subject = \"Informes\";\r\n\r\n  const boton = document.getElementById(\"enviarCorreo\");\r\n  const popup = document.getElementById(\"popupCorreo\");\r\n  const usarGmail = document.getElementById(\"usarGmail\");\r\n  const usarOutlook = document.getElementById(\"usarOutlook\");\r\n  const usarOtro = document.getElementById(\"usarOtro\");\r\n  const cerrarPopup = document.getElementById(\"cerrarPopup\");\r\n  const cambiarPreferencia = document.getElementById(\"cambiarPreferencia\");\r\n\r\n  boton.addEventListener(\"click\", function () {\r\n    const preferencia = localStorage.getItem(\"correoPreferido\");\r\n    if (preferencia) {\r\n      abrirCorreo(preferencia);\r\n    } else {\r\n      popup.style.display = \"flex\";\r\n    }\r\n  });\r\n\r\n  cerrarPopup.addEventListener(\"click\", function () {\r\n    popup.style.display = \"none\";\r\n  });\r\n\r\n  usarGmail.addEventListener(\"click\", function () {\r\n    localStorage.setItem(\"correoPreferido\", \"gmail\");\r\n    abrirCorreo(\"gmail\");\r\n    popup.style.display = \"none\";\r\n  });\r\n\r\n  usarOutlook.addEventListener(\"click\", function () {\r\n    localStorage.setItem(\"correoPreferido\", \"outlook\");\r\n    abrirCorreo(\"outlook\");\r\n    popup.style.display = \"none\";\r\n  });\r\n\r\n  usarOtro.addEventListener(\"click\", function () {\r\n    localStorage.setItem(\"correoPreferido\", \"otro\");\r\n    abrirCorreo(\"otro\");\r\n    popup.style.display = \"none\";\r\n  });\r\n\r\n  cambiarPreferencia.addEventListener(\"click\", function (e) {\r\n    e.preventDefault();\r\n    localStorage.removeItem(\"correoPreferido\");\r\n    popup.style.display = \"flex\";\r\n  });\r\n\r\n  function abrirCorreo(servicio) {\r\n    if (servicio === \"gmail\") {\r\n      window.open(\r\n        `https:\/\/mail.google.com\/mail\/?view=cm&fs=1&to=${email}&su=${encodeURIComponent(subject)}`,\r\n        \"_blank\"\r\n      );\r\n    } else if (servicio === \"outlook\") {\r\n      window.open(\r\n        `https:\/\/outlook.office.com\/mail\/deeplink\/compose?mailtouri=mailto:${email}?subject=${encodeURIComponent(subject)}`,\r\n        \"_blank\"\r\n      );\r\n    } else {\r\n      window.location.href = `mailto:${email}?subject=${encodeURIComponent(subject)}`;\r\n    }\r\n  }\r\n<\/script>\r\n\t\t\t\t<\/div>\n\t\t\t\t<\/div>\n\t\t\t\t<\/div>\n\t\t\t\t<\/div>\n\t\t\t\t\t<\/div>\n\t\t\t\t<\/div>\n\t\t\t\t<\/div>","protected":false},"excerpt":{"rendered":"<p>SERVICIO COMERCIALIZADORA GRUPO VISI\u00d3N EN GRUPO VISI\u00d3N estamos comprometidos con el \u00e9xito de tu negocio en los mercados internacionales. Nuestra experiencia en procesos de internacionalizaci\u00f3n nos permite ofrecer soluciones estrat\u00e9gicas y personalizadas para empresas que desean expandir su alcance hacia M\u00e9xico. \u00bfQu\u00e9 hacemos por ti? Proveemos servicios adicionales dise\u00f1ados especialmente para exportadores eventuales, ayud\u00e1ndote a [&hellip;]<\/p>\n","protected":false},"author":2,"featured_media":0,"parent":0,"menu_order":0,"comment_status":"closed","ping_status":"closed","template":"","meta":{"footnotes":""},"class_list":["post-1429","page","type-page","status-publish","hentry"],"_links":{"self":[{"href":"https:\/\/visionlogistic.net\/en\/wp-json\/wp\/v2\/pages\/1429","targetHints":{"allow":["GET"]}}],"collection":[{"href":"https:\/\/visionlogistic.net\/en\/wp-json\/wp\/v2\/pages"}],"about":[{"href":"https:\/\/visionlogistic.net\/en\/wp-json\/wp\/v2\/types\/page"}],"author":[{"embeddable":true,"href":"https:\/\/visionlogistic.net\/en\/wp-json\/wp\/v2\/users\/2"}],"replies":[{"embeddable":true,"href":"https:\/\/visionlogistic.net\/en\/wp-json\/wp\/v2\/comments?post=1429"}],"version-history":[{"count":16,"href":"https:\/\/visionlogistic.net\/en\/wp-json\/wp\/v2\/pages\/1429\/revisions"}],"predecessor-version":[{"id":1977,"href":"https:\/\/visionlogistic.net\/en\/wp-json\/wp\/v2\/pages\/1429\/revisions\/1977"}],"wp:attachment":[{"href":"https:\/\/visionlogistic.net\/en\/wp-json\/wp\/v2\/media?parent=1429"}],"curies":[{"name":"wp","href":"https:\/\/api.w.org\/{rel}","templated":true}]}}