{"id":205,"date":"2024-11-04T17:26:53","date_gmt":"2024-11-04T17:26:53","guid":{"rendered":"https:\/\/aepe.com.mx\/?page_id=205"},"modified":"2025-09-10T19:16:11","modified_gmt":"2025-09-10T19:16:11","slug":"servicios","status":"publish","type":"page","link":"https:\/\/visionlogistic.net\/en\/servicios\/","title":{"rendered":"Services"},"content":{"rendered":"<div data-elementor-type=\"wp-page\" data-elementor-id=\"205\" class=\"elementor elementor-205\" data-elementor-post-type=\"page\">\n\t\t\t\t<div class=\"elementor-element elementor-element-1af4a415 e-con-full e-flex e-con e-parent\" data-id=\"1af4a415\" data-element_type=\"container\" data-e-type=\"container\" data-settings=\"{&quot;background_background&quot;:&quot;classic&quot;}\">\n\t\t<div class=\"elementor-element elementor-element-23c431d6 e-con-full e-flex e-con e-child\" data-id=\"23c431d6\" data-element_type=\"container\" data-e-type=\"container\">\n\t\t\t\t<div class=\"elementor-element elementor-element-c8458b4 elementor-widget elementor-widget-image\" data-id=\"c8458b4\" data-element_type=\"widget\" data-e-type=\"widget\" data-widget_type=\"image.default\">\n\t\t\t\t\t\t\t\t\t\t\t\t\t\t\t<img fetchpriority=\"high\" decoding=\"async\" width=\"3275\" height=\"1404\" src=\"https:\/\/visionlogistic.net\/wp-content\/uploads\/2024\/11\/servicios.png\" class=\"attachment-full size-full wp-image-1054\" alt=\"\" srcset=\"https:\/\/visionlogistic.net\/wp-content\/uploads\/2024\/11\/servicios.png 3275w, https:\/\/visionlogistic.net\/wp-content\/uploads\/2024\/11\/servicios-300x129.png 300w, https:\/\/visionlogistic.net\/wp-content\/uploads\/2024\/11\/servicios-1024x439.png 1024w, https:\/\/visionlogistic.net\/wp-content\/uploads\/2024\/11\/servicios-768x329.png 768w, https:\/\/visionlogistic.net\/wp-content\/uploads\/2024\/11\/servicios-1536x658.png 1536w, https:\/\/visionlogistic.net\/wp-content\/uploads\/2024\/11\/servicios-2048x878.png 2048w\" sizes=\"(max-width: 3275px) 100vw, 3275px\" \/>\t\t\t\t\t\t\t\t\t\t\t\t\t\t\t<\/div>\n\t\t\t\t<\/div>\n\t\t<div class=\"elementor-element elementor-element-6c0583a4 e-con-full e-flex e-con e-child\" data-id=\"6c0583a4\" data-element_type=\"container\" data-e-type=\"container\">\n\t\t\t\t<div class=\"elementor-element elementor-element-5088917e elementor-widget elementor-widget-heading\" data-id=\"5088917e\" data-element_type=\"widget\" data-e-type=\"widget\" data-widget_type=\"heading.default\">\n\t\t\t\t\t<h2 class=\"elementor-heading-title elementor-size-default\">Our Services<\/h2>\t\t\t\t<\/div>\n\t\t\t\t<div class=\"elementor-element elementor-element-13b1b1c5 elementor-widget elementor-widget-text-editor\" data-id=\"13b1b1c5\" data-element_type=\"widget\" data-e-type=\"widget\" data-widget_type=\"text-editor.default\">\n\t\t\t\t\t\t\t\t\t<p><strong>Group Vision: Your partner in integrated logistics.<\/strong> From the production to the final delivery, we offer customized solutions to optimize your supply chain.<\/p>\t\t\t\t\t\t\t\t<\/div>\n\t\t\t\t<\/div>\n\t\t\t\t<\/div>\n\t\t<div class=\"elementor-element elementor-element-2927da76 e-con-full e-flex e-con e-parent\" data-id=\"2927da76\" data-element_type=\"container\" data-e-type=\"container\" data-settings=\"{&quot;background_background&quot;:&quot;classic&quot;}\">\n\t\t<div class=\"elementor-element elementor-element-5b517fa1 e-con-full e-flex e-con e-child\" data-id=\"5b517fa1\" data-element_type=\"container\" data-e-type=\"container\">\n\t\t\t\t<div class=\"elementor-element elementor-element-7818d9c6 elementor-widget elementor-widget-heading\" data-id=\"7818d9c6\" data-element_type=\"widget\" data-e-type=\"widget\" data-widget_type=\"heading.default\">\n\t\t\t\t\t<h2 class=\"elementor-heading-title elementor-size-default\">CUSTOMS CLEARANCE<\/h2>\t\t\t\t<\/div>\n\t\t\t\t<div class=\"elementor-element elementor-element-6acadc12 elementor-widget elementor-widget-text-editor\" data-id=\"6acadc12\" data-element_type=\"widget\" data-e-type=\"widget\" data-widget_type=\"text-editor.default\">\n\t\t\t\t\t\t\t\t\t<p><strong>Group Vision is your ally in the foreign trade.<\/strong> With our experience and presence in Mexico, we simplify your processes, import and export. We offer custom solutions, ensuring agility, security and compliance. \u00a1Contact us and discover how to empower your business!<br><\/p>\t\t\t\t\t\t\t\t<\/div>\n\t\t\t\t<div class=\"elementor-element elementor-element-54f1fe9 elementor-align-center elementor-widget elementor-widget-button\" data-id=\"54f1fe9\" data-element_type=\"widget\" data-e-type=\"widget\" data-settings=\"{&quot;_animation&quot;:&quot;none&quot;}\" data-widget_type=\"button.default\">\n\t\t\t\t\t\t\t\t\t\t<a class=\"elementor-button elementor-button-link elementor-size-sm\" href=\"https:\/\/visionlogistic.net\/en\/despacho-aduanal\/\">\n\t\t\t\t\t\t<span class=\"elementor-button-content-wrapper\">\n\t\t\t\t\t\t\t\t\t<span class=\"elementor-button-text\">M\u00e1s Informaci\u00f3n &gt;&gt;&gt;<\/span>\n\t\t\t\t\t<\/span>\n\t\t\t\t\t<\/a>\n\t\t\t\t\t\t\t\t<\/div>\n\t\t\t\t<\/div>\n\t\t<div class=\"elementor-element elementor-element-2b42667e e-con-full e-flex e-con e-child\" data-id=\"2b42667e\" data-element_type=\"container\" data-e-type=\"container\">\n\t\t\t\t<div class=\"elementor-element elementor-element-5022fc2b elementor-widget elementor-widget-image\" data-id=\"5022fc2b\" data-element_type=\"widget\" data-e-type=\"widget\" data-widget_type=\"image.default\">\n\t\t\t\t\t\t\t\t\t\t\t\t\t\t\t<img decoding=\"async\" width=\"800\" height=\"522\" src=\"https:\/\/visionlogistic.net\/wp-content\/uploads\/2024\/11\/imagen_2024-11-28_191508323-1024x668.png\" class=\"attachment-large size-large wp-image-958\" alt=\"\" srcset=\"https:\/\/visionlogistic.net\/wp-content\/uploads\/2024\/11\/imagen_2024-11-28_191508323-1024x668.png 1024w, https:\/\/visionlogistic.net\/wp-content\/uploads\/2024\/11\/imagen_2024-11-28_191508323-300x196.png 300w, https:\/\/visionlogistic.net\/wp-content\/uploads\/2024\/11\/imagen_2024-11-28_191508323-768x501.png 768w, https:\/\/visionlogistic.net\/wp-content\/uploads\/2024\/11\/imagen_2024-11-28_191508323.png 1200w\" sizes=\"(max-width: 800px) 100vw, 800px\" \/>\t\t\t\t\t\t\t\t\t\t\t\t\t\t\t<\/div>\n\t\t\t\t<\/div>\n\t\t\t\t<\/div>\n\t\t<div class=\"elementor-element elementor-element-3afed467 e-con-full e-flex e-con e-parent\" data-id=\"3afed467\" data-element_type=\"container\" data-e-type=\"container\" data-settings=\"{&quot;background_background&quot;:&quot;classic&quot;}\">\n\t\t<div class=\"elementor-element elementor-element-6c61afa e-con-full e-flex e-con e-child\" data-id=\"6c61afa\" data-element_type=\"container\" data-e-type=\"container\">\n\t\t\t\t<div class=\"elementor-element elementor-element-36bf145 elementor-widget elementor-widget-heading\" data-id=\"36bf145\" data-element_type=\"widget\" data-e-type=\"widget\" data-widget_type=\"heading.default\">\n\t\t\t\t\t<h2 class=\"elementor-heading-title elementor-size-default\">SOLUTIONS LOGISTICAS<\/h2>\t\t\t\t<\/div>\n\t\t\t\t<div class=\"elementor-element elementor-element-1d1cddc7 elementor-widget elementor-widget-text-editor\" data-id=\"1d1cddc7\" data-element_type=\"widget\" data-e-type=\"widget\" data-widget_type=\"text-editor.default\">\n\t\t\t\t\t\t\t\t\t<p><strong>Optimize your supply chain with a Group Vision.<\/strong> We offer customised logistic solutions, including multimodal transport, handling of special loads and storage in special tax areas. I carry your goods to any part of the world safely and efficiently!<\/p>\t\t\t\t\t\t\t\t<\/div>\n\t\t\t\t<div class=\"elementor-element elementor-element-6ad091d elementor-align-center elementor-widget elementor-widget-button\" data-id=\"6ad091d\" data-element_type=\"widget\" data-e-type=\"widget\" data-widget_type=\"button.default\">\n\t\t\t\t\t\t\t\t\t\t<a class=\"elementor-button elementor-button-link elementor-size-sm\" href=\"https:\/\/visionlogistic.net\/en\/solucionesl\/\">\n\t\t\t\t\t\t<span class=\"elementor-button-content-wrapper\">\n\t\t\t\t\t\t\t\t\t<span class=\"elementor-button-text\">M\u00e1s Informaci\u00f3n &gt;&gt;&gt;<\/span>\n\t\t\t\t\t<\/span>\n\t\t\t\t\t<\/a>\n\t\t\t\t\t\t\t\t<\/div>\n\t\t\t\t<\/div>\n\t\t<div class=\"elementor-element elementor-element-325c287a e-con-full e-flex e-con e-child\" data-id=\"325c287a\" data-element_type=\"container\" data-e-type=\"container\">\n\t\t\t\t<div class=\"elementor-element elementor-element-6386fff4 elementor-widget elementor-widget-image\" data-id=\"6386fff4\" data-element_type=\"widget\" data-e-type=\"widget\" data-widget_type=\"image.default\">\n\t\t\t\t\t\t\t\t\t\t\t\t\t\t\t<img decoding=\"async\" width=\"1024\" height=\"535\" src=\"https:\/\/visionlogistic.net\/wp-content\/uploads\/2024\/12\/imagen_2024-12-05_172859064.png\" class=\"attachment-full size-full wp-image-1418\" alt=\"\" srcset=\"https:\/\/visionlogistic.net\/wp-content\/uploads\/2024\/12\/imagen_2024-12-05_172859064.png 1024w, https:\/\/visionlogistic.net\/wp-content\/uploads\/2024\/12\/imagen_2024-12-05_172859064-300x157.png 300w, https:\/\/visionlogistic.net\/wp-content\/uploads\/2024\/12\/imagen_2024-12-05_172859064-768x401.png 768w, https:\/\/visionlogistic.net\/wp-content\/uploads\/2024\/12\/imagen_2024-12-05_172859064-18x9.png 18w\" sizes=\"(max-width: 1024px) 100vw, 1024px\" \/>\t\t\t\t\t\t\t\t\t\t\t\t\t\t\t<\/div>\n\t\t\t\t<\/div>\n\t\t\t\t<\/div>\n\t\t<div class=\"elementor-element elementor-element-0e3af10 e-con-full e-flex e-con e-parent\" data-id=\"0e3af10\" data-element_type=\"container\" data-e-type=\"container\" data-settings=\"{&quot;background_background&quot;:&quot;classic&quot;}\">\n\t\t<div class=\"elementor-element elementor-element-e55175d e-con-full e-flex e-con e-child\" data-id=\"e55175d\" data-element_type=\"container\" data-e-type=\"container\">\n\t\t\t\t<div class=\"elementor-element elementor-element-d084f07 elementor-widget elementor-widget-heading\" data-id=\"d084f07\" data-element_type=\"widget\" data-e-type=\"widget\" data-widget_type=\"heading.default\">\n\t\t\t\t\t<h2 class=\"elementor-heading-title elementor-size-default\">STORAGE STRATEGY<\/h2>\t\t\t\t<\/div>\n\t\t\t\t<div class=\"elementor-element elementor-element-9e6d795 elementor-widget elementor-widget-text-editor\" data-id=\"9e6d795\" data-element_type=\"widget\" data-e-type=\"widget\" data-widget_type=\"text-editor.default\">\n\t\t\t\t\t\t\t\t\t<p>En Grupo Visi\u00f3n, adaptamos nuestras soluciones a las necesidades espec\u00edficas de tu empresa. Desde peque\u00f1as empresas hasta grandes corporaciones, te ofrecemos servicios personalizados de almacenamiento y distribuci\u00f3n. \u00a1Cont\u00e1ctanos y te mostraremos c\u00f3mo podemos ayudarte a crecer!<\/p>\t\t\t\t\t\t\t\t<\/div>\n\t\t\t\t<div class=\"elementor-element elementor-element-1faf3aa elementor-align-center elementor-widget elementor-widget-button\" data-id=\"1faf3aa\" data-element_type=\"widget\" data-e-type=\"widget\" data-widget_type=\"button.default\">\n\t\t\t\t\t\t\t\t\t\t<a class=\"elementor-button elementor-button-link elementor-size-sm\" href=\"https:\/\/visionlogistic.net\/en\/almacenaje-estrategico\/\">\n\t\t\t\t\t\t<span class=\"elementor-button-content-wrapper\">\n\t\t\t\t\t\t\t\t\t<span class=\"elementor-button-text\">M\u00e1s Informaci\u00f3n &gt;&gt;&gt;<\/span>\n\t\t\t\t\t<\/span>\n\t\t\t\t\t<\/a>\n\t\t\t\t\t\t\t\t<\/div>\n\t\t\t\t<\/div>\n\t\t<div class=\"elementor-element elementor-element-bafcd27 e-con-full e-flex e-con e-child\" data-id=\"bafcd27\" data-element_type=\"container\" data-e-type=\"container\">\n\t\t\t\t<div class=\"elementor-element elementor-element-03ad314 elementor-widget elementor-widget-image\" data-id=\"03ad314\" data-element_type=\"widget\" data-e-type=\"widget\" data-widget_type=\"image.default\">\n\t\t\t\t\t\t\t\t\t\t\t\t\t\t\t<img loading=\"lazy\" decoding=\"async\" width=\"900\" height=\"600\" src=\"https:\/\/visionlogistic.net\/wp-content\/uploads\/2024\/12\/imagen_2024-12-05_173146062.png\" class=\"attachment-full size-full wp-image-1419\" alt=\"\" srcset=\"https:\/\/visionlogistic.net\/wp-content\/uploads\/2024\/12\/imagen_2024-12-05_173146062.png 900w, https:\/\/visionlogistic.net\/wp-content\/uploads\/2024\/12\/imagen_2024-12-05_173146062-300x200.png 300w, https:\/\/visionlogistic.net\/wp-content\/uploads\/2024\/12\/imagen_2024-12-05_173146062-768x512.png 768w, https:\/\/visionlogistic.net\/wp-content\/uploads\/2024\/12\/imagen_2024-12-05_173146062-18x12.png 18w\" sizes=\"(max-width: 900px) 100vw, 900px\" \/>\t\t\t\t\t\t\t\t\t\t\t\t\t\t\t<\/div>\n\t\t\t\t<\/div>\n\t\t\t\t<\/div>\n\t\t<div class=\"elementor-element elementor-element-d384c7f e-con-full e-flex e-con e-parent\" data-id=\"d384c7f\" data-element_type=\"container\" data-e-type=\"container\" data-settings=\"{&quot;background_background&quot;:&quot;classic&quot;}\">\n\t\t<div class=\"elementor-element elementor-element-c8396f2 e-con-full e-flex e-con e-child\" data-id=\"c8396f2\" data-element_type=\"container\" data-e-type=\"container\">\n\t\t\t\t<div class=\"elementor-element elementor-element-1987da0 elementor-widget elementor-widget-heading\" data-id=\"1987da0\" data-element_type=\"widget\" data-e-type=\"widget\" data-widget_type=\"heading.default\">\n\t\t\t\t\t<h2 class=\"elementor-heading-title elementor-size-default\">SERVICIOS COMERCIALIZADORA<\/h2>\t\t\t\t<\/div>\n\t\t\t\t<div class=\"elementor-element elementor-element-c8e4ee3 elementor-widget elementor-widget-text-editor\" data-id=\"c8e4ee3\" data-element_type=\"widget\" data-e-type=\"widget\" data-widget_type=\"text-editor.default\">\n\t\t\t\t\t\t\t\t\t<p>En Grupo Visi\u00f3n, adaptamos nuestros servicios a las necesidades espec\u00edficas de tu negocio. Te ofrecemos soluciones personalizadas para que puedas ingresar al mercado mexicano de manera eficiente y segura. \u00a1Cont\u00e1ctanos y descubre c\u00f3mo podemos ayudarte a alcanzar tus objetivos!<\/p>\t\t\t\t\t\t\t\t<\/div>\n\t\t\t\t<div class=\"elementor-element elementor-element-ba3420d elementor-align-center elementor-widget elementor-widget-button\" data-id=\"ba3420d\" data-element_type=\"widget\" data-e-type=\"widget\" data-widget_type=\"button.default\">\n\t\t\t\t\t\t\t\t\t\t<a class=\"elementor-button elementor-button-link elementor-size-sm\" href=\"https:\/\/visionlogistic.net\/en\/servicio-comercializadora\/\">\n\t\t\t\t\t\t<span class=\"elementor-button-content-wrapper\">\n\t\t\t\t\t\t\t\t\t<span class=\"elementor-button-text\">M\u00e1s Informaci\u00f3n &gt;&gt;&gt;<\/span>\n\t\t\t\t\t<\/span>\n\t\t\t\t\t<\/a>\n\t\t\t\t\t\t\t\t<\/div>\n\t\t\t\t<\/div>\n\t\t<div class=\"elementor-element elementor-element-27a554a e-con-full e-flex e-con e-child\" data-id=\"27a554a\" data-element_type=\"container\" data-e-type=\"container\">\n\t\t\t\t<div class=\"elementor-element elementor-element-9a6ee00 elementor-widget elementor-widget-image\" data-id=\"9a6ee00\" data-element_type=\"widget\" data-e-type=\"widget\" data-widget_type=\"image.default\">\n\t\t\t\t\t\t\t\t\t\t\t\t\t\t\t<img loading=\"lazy\" decoding=\"async\" width=\"700\" height=\"467\" src=\"https:\/\/visionlogistic.net\/wp-content\/uploads\/2024\/12\/imagen_2024-12-05_173837177.png\" class=\"attachment-full size-full wp-image-1420\" alt=\"\" srcset=\"https:\/\/visionlogistic.net\/wp-content\/uploads\/2024\/12\/imagen_2024-12-05_173837177.png 700w, https:\/\/visionlogistic.net\/wp-content\/uploads\/2024\/12\/imagen_2024-12-05_173837177-300x200.png 300w, https:\/\/visionlogistic.net\/wp-content\/uploads\/2024\/12\/imagen_2024-12-05_173837177-18x12.png 18w\" sizes=\"(max-width: 700px) 100vw, 700px\" \/>\t\t\t\t\t\t\t\t\t\t\t\t\t\t\t<\/div>\n\t\t\t\t<\/div>\n\t\t\t\t<\/div>\n\t\t<div class=\"elementor-element elementor-element-21ef7c3 e-con-full e-flex e-con e-parent\" data-id=\"21ef7c3\" data-element_type=\"container\" data-e-type=\"container\" data-settings=\"{&quot;background_background&quot;:&quot;classic&quot;}\">\n\t\t<div class=\"elementor-element elementor-element-e77f91c e-con-full e-flex e-con e-child\" data-id=\"e77f91c\" data-element_type=\"container\" data-e-type=\"container\">\n\t\t\t\t<div class=\"elementor-element elementor-element-96ca2ca elementor-widget elementor-widget-heading\" data-id=\"96ca2ca\" data-element_type=\"widget\" data-e-type=\"widget\" data-widget_type=\"heading.default\">\n\t\t\t\t\t<h2 class=\"elementor-heading-title elementor-size-default\">CONSULTING SERVICES IN FOREIGN TRADE<\/h2>\t\t\t\t<\/div>\n\t\t\t\t<div class=\"elementor-element elementor-element-a4316da elementor-widget elementor-widget-text-editor\" data-id=\"a4316da\" data-element_type=\"widget\" data-e-type=\"widget\" data-widget_type=\"text-editor.default\">\n\t\t\t\t\t\t\t\t\t<p>Grupo Visi\u00f3n te ofrece servicios de consultor\u00eda especializados para garantizar el cumplimiento normativo y maximizar la eficiencia de tus procesos. Con nuestra amplia experiencia en el sector, te ayudamos a navegar el complejo mundo del comercio internacional con confianza.<\/p>\t\t\t\t\t\t\t\t<\/div>\n\t\t\t\t<div class=\"elementor-element elementor-element-2a1aa83 elementor-align-center elementor-widget elementor-widget-button\" data-id=\"2a1aa83\" data-element_type=\"widget\" data-e-type=\"widget\" data-widget_type=\"button.default\">\n\t\t\t\t\t\t\t\t\t\t<a class=\"elementor-button elementor-button-link elementor-size-sm\" href=\"https:\/\/visionlogistic.net\/en\/consultoria\/\">\n\t\t\t\t\t\t<span class=\"elementor-button-content-wrapper\">\n\t\t\t\t\t\t\t\t\t<span class=\"elementor-button-text\">M\u00e1s Informaci\u00f3n &gt;&gt;&gt;<\/span>\n\t\t\t\t\t<\/span>\n\t\t\t\t\t<\/a>\n\t\t\t\t\t\t\t\t<\/div>\n\t\t\t\t<\/div>\n\t\t<div class=\"elementor-element elementor-element-d41b6eb e-con-full e-flex e-con e-child\" data-id=\"d41b6eb\" data-element_type=\"container\" data-e-type=\"container\">\n\t\t\t\t<div class=\"elementor-element elementor-element-ede5642 elementor-widget elementor-widget-image\" data-id=\"ede5642\" data-element_type=\"widget\" data-e-type=\"widget\" data-widget_type=\"image.default\">\n\t\t\t\t\t\t\t\t\t\t\t\t\t\t\t<img loading=\"lazy\" decoding=\"async\" width=\"1000\" height=\"667\" src=\"https:\/\/visionlogistic.net\/wp-content\/uploads\/2024\/12\/imagen_2024-12-06_144923535.png\" class=\"attachment-full size-full wp-image-1484\" alt=\"\" srcset=\"https:\/\/visionlogistic.net\/wp-content\/uploads\/2024\/12\/imagen_2024-12-06_144923535.png 1000w, https:\/\/visionlogistic.net\/wp-content\/uploads\/2024\/12\/imagen_2024-12-06_144923535-300x200.png 300w, https:\/\/visionlogistic.net\/wp-content\/uploads\/2024\/12\/imagen_2024-12-06_144923535-768x512.png 768w, https:\/\/visionlogistic.net\/wp-content\/uploads\/2024\/12\/imagen_2024-12-06_144923535-18x12.png 18w\" sizes=\"(max-width: 1000px) 100vw, 1000px\" \/>\t\t\t\t\t\t\t\t\t\t\t\t\t\t\t<\/div>\n\t\t\t\t<\/div>\n\t\t\t\t<\/div>\n\t\t<div class=\"elementor-element elementor-element-7386c19 e-flex e-con-boxed e-con e-parent\" data-id=\"7386c19\" data-element_type=\"container\" data-e-type=\"container\">\n\t\t\t\t\t<div class=\"e-con-inner\">\n\t\t\t\t<div class=\"elementor-element elementor-element-dd19de3 elementor-widget elementor-widget-spacer\" data-id=\"dd19de3\" data-element_type=\"widget\" data-e-type=\"widget\" data-widget_type=\"spacer.default\">\n\t\t\t\t\t\t\t<div class=\"elementor-spacer\">\n\t\t\t<div class=\"elementor-spacer-inner\"><\/div>\n\t\t<\/div>\n\t\t\t\t\t\t<\/div>\n\t\t\t\t\t<\/div>\n\t\t\t\t<\/div>\n\t\t\t\t<\/div>","protected":false},"excerpt":{"rendered":"<p>Nuestros Servicios Grupo Visi\u00f3n: Tu socio log\u00edstico integral. Desde la producci\u00f3n hasta la entrega final, te ofrecemos soluciones personalizadas para optimizar tu cadena de suministro. DESPACHO ADUANAL Grupo Visi\u00f3n es tu aliado en el comercio exterior. Con nuestra experiencia y presencia en M\u00e9xico, simplificamos tus procesos de importaci\u00f3n y exportaci\u00f3n. Ofrecemos soluciones personalizadas, garantizando agilidad, [&hellip;]<\/p>\n","protected":false},"author":2,"featured_media":0,"parent":0,"menu_order":0,"comment_status":"closed","ping_status":"closed","template":"","meta":{"footnotes":""},"class_list":["post-205","page","type-page","status-publish","hentry"],"_links":{"self":[{"href":"https:\/\/visionlogistic.net\/en\/wp-json\/wp\/v2\/pages\/205","targetHints":{"allow":["GET"]}}],"collection":[{"href":"https:\/\/visionlogistic.net\/en\/wp-json\/wp\/v2\/pages"}],"about":[{"href":"https:\/\/visionlogistic.net\/en\/wp-json\/wp\/v2\/types\/page"}],"author":[{"embeddable":true,"href":"https:\/\/visionlogistic.net\/en\/wp-json\/wp\/v2\/users\/2"}],"replies":[{"embeddable":true,"href":"https:\/\/visionlogistic.net\/en\/wp-json\/wp\/v2\/comments?post=205"}],"version-history":[{"count":64,"href":"https:\/\/visionlogistic.net\/en\/wp-json\/wp\/v2\/pages\/205\/revisions"}],"predecessor-version":[{"id":1879,"href":"https:\/\/visionlogistic.net\/en\/wp-json\/wp\/v2\/pages\/205\/revisions\/1879"}],"wp:attachment":[{"href":"https:\/\/visionlogistic.net\/en\/wp-json\/wp\/v2\/media?parent=205"}],"curies":[{"name":"wp","href":"https:\/\/api.w.org\/{rel}","templated":true}]}}