{"id":826,"date":"2024-11-28T17:29:00","date_gmt":"2024-11-28T17:29:00","guid":{"rendered":"https:\/\/aepe.com.mx\/?page_id=826"},"modified":"2024-12-06T01:47:40","modified_gmt":"2024-12-06T01:47:40","slug":"blog","status":"publish","type":"page","link":"https:\/\/visionlogistic.net\/en\/blog\/","title":{"rendered":"Blog"},"content":{"rendered":"<div data-elementor-type=\"wp-page\" data-elementor-id=\"826\" class=\"elementor elementor-826\" data-elementor-post-type=\"page\">\n\t\t\t\t<div class=\"elementor-element elementor-element-8ba478b e-con-full e-flex e-con e-parent\" data-id=\"8ba478b\" data-element_type=\"container\" data-e-type=\"container\" data-settings=\"{&quot;background_background&quot;:&quot;classic&quot;}\">\n\t\t\t\t<div class=\"elementor-element elementor-element-a1941b1 elementor-widget elementor-widget-heading\" data-id=\"a1941b1\" data-element_type=\"widget\" data-e-type=\"widget\" data-widget_type=\"heading.default\">\n\t\t\t\t\t<h1 class=\"elementor-heading-title elementor-size-default\">BLOG - GROUP VISION<\/h1>\t\t\t\t<\/div>\n\t\t\t\t<div class=\"elementor-element elementor-element-08d3793 elementor-widget-divider--view-line elementor-widget elementor-widget-divider\" data-id=\"08d3793\" data-element_type=\"widget\" data-e-type=\"widget\" data-widget_type=\"divider.default\">\n\t\t\t\t\t\t\t<div class=\"elementor-divider\">\n\t\t\t<span class=\"elementor-divider-separator\">\n\t\t\t\t\t\t<\/span>\n\t\t<\/div>\n\t\t\t\t\t\t<\/div>\n\t\t\t\t<div class=\"elementor-element elementor-element-eb39799 elementor-widget__width-initial elementor-widget elementor-widget-text-editor\" data-id=\"eb39799\" data-element_type=\"widget\" data-e-type=\"widget\" data-widget_type=\"text-editor.default\">\n\t\t\t\t\t\t\t\t\t<p>Find and solve your doubts with our detailed information on the customs, import regulations, the services that we provide and more<\/p>\t\t\t\t\t\t\t\t<\/div>\n\t\t\t\t<\/div>\n\t\t<div class=\"elementor-element elementor-element-9614b40 e-flex e-con-boxed e-con e-parent\" data-id=\"9614b40\" data-element_type=\"container\" data-e-type=\"container\">\n\t\t\t\t\t<div class=\"e-con-inner\">\n\t\t\t\t<div class=\"elementor-element elementor-element-5a78196 elementor-nav-menu__align-center elementor-nav-menu--dropdown-none elementor-widget elementor-widget-nav-menu\" data-id=\"5a78196\" data-element_type=\"widget\" data-e-type=\"widget\" data-settings=\"{&quot;layout&quot;:&quot;horizontal&quot;,&quot;submenu_icon&quot;:{&quot;value&quot;:&quot;&lt;svg aria-hidden=\\&quot;true\\&quot; class=\\&quot;e-font-icon-svg e-fas-caret-down\\&quot; viewBox=\\&quot;0 0 320 512\\&quot; xmlns=\\&quot;http:\\\/\\\/www.w3.org\\\/2000\\\/svg\\&quot;&gt;&lt;path d=\\&quot;M31.3 192h257.3c17.8 0 26.7 21.5 14.1 34.1L174.1 354.8c-7.8 7.8-20.5 7.8-28.3 0L17.2 226.1C4.6 213.5 13.5 192 31.3 192z\\&quot;&gt;&lt;\\\/path&gt;&lt;\\\/svg&gt;&quot;,&quot;library&quot;:&quot;fa-solid&quot;}}\" data-widget_type=\"nav-menu.default\">\n\t\t\t\t\t\t\t\t<nav aria-label=\"Menu\" class=\"elementor-nav-menu--main elementor-nav-menu__container elementor-nav-menu--layout-horizontal e--pointer-background e--animation-fade\">\n\t\t\t\t<ul id=\"menu-1-5a78196\" class=\"elementor-nav-menu\"><li class=\"menu-item menu-item-type-custom menu-item-object-custom menu-item-862\"><a href=\"https:\/\/aepe.com.mx\/blog\/?preview_id=826&#038;preview_nonce=366c731bb6&#038;preview=true\" class=\"elementor-item\">All<\/a><\/li>\n<li class=\"menu-item menu-item-type-taxonomy menu-item-object-category menu-item-850\"><a href=\"https:\/\/visionlogistic.net\/en\/category\/aduanas\/\" class=\"elementor-item\">Customs<\/a><\/li>\n<li class=\"menu-item menu-item-type-taxonomy menu-item-object-category menu-item-851\"><a href=\"https:\/\/visionlogistic.net\/en\/category\/importaciones\/\" class=\"elementor-item\">Imports<\/a><\/li>\n<li class=\"menu-item menu-item-type-taxonomy menu-item-object-category menu-item-852\"><a href=\"https:\/\/visionlogistic.net\/en\/category\/servicios\/\" class=\"elementor-item\">Services<\/a><\/li>\n<li class=\"menu-item menu-item-type-taxonomy menu-item-object-category menu-item-1473\"><a href=\"https:\/\/visionlogistic.net\/en\/category\/comercio\/\" class=\"elementor-item\">Trade<\/a><\/li>\n<\/ul>\t\t\t<\/nav>\n\t\t\t\t\t\t<nav class=\"elementor-nav-menu--dropdown elementor-nav-menu__container\" aria-hidden=\"true\">\n\t\t\t\t<ul id=\"menu-2-5a78196\" class=\"elementor-nav-menu\"><li class=\"menu-item menu-item-type-custom menu-item-object-custom menu-item-862\"><a href=\"https:\/\/aepe.com.mx\/blog\/?preview_id=826&#038;preview_nonce=366c731bb6&#038;preview=true\" class=\"elementor-item\" tabindex=\"-1\">All<\/a><\/li>\n<li class=\"menu-item menu-item-type-taxonomy menu-item-object-category menu-item-850\"><a href=\"https:\/\/visionlogistic.net\/en\/category\/aduanas\/\" class=\"elementor-item\" tabindex=\"-1\">Customs<\/a><\/li>\n<li class=\"menu-item menu-item-type-taxonomy menu-item-object-category menu-item-851\"><a href=\"https:\/\/visionlogistic.net\/en\/category\/importaciones\/\" class=\"elementor-item\" tabindex=\"-1\">Imports<\/a><\/li>\n<li class=\"menu-item menu-item-type-taxonomy menu-item-object-category menu-item-852\"><a href=\"https:\/\/visionlogistic.net\/en\/category\/servicios\/\" class=\"elementor-item\" tabindex=\"-1\">Services<\/a><\/li>\n<li class=\"menu-item menu-item-type-taxonomy menu-item-object-category menu-item-1473\"><a href=\"https:\/\/visionlogistic.net\/en\/category\/comercio\/\" class=\"elementor-item\" tabindex=\"-1\">Trade<\/a><\/li>\n<\/ul>\t\t\t<\/nav>\n\t\t\t\t\t\t<\/div>\n\t\t\t\t\t<\/div>\n\t\t\t\t<\/div>\n\t\t<div class=\"elementor-element elementor-element-87585e0 e-flex e-con-boxed e-con e-parent\" data-id=\"87585e0\" data-element_type=\"container\" data-e-type=\"container\">\n\t\t\t\t\t<div class=\"e-con-inner\">\n\t\t\t\t<div class=\"elementor-element elementor-element-46490da elementor-widget elementor-widget-spacer\" data-id=\"46490da\" data-element_type=\"widget\" data-e-type=\"widget\" data-widget_type=\"spacer.default\">\n\t\t\t\t\t\t\t<div class=\"elementor-spacer\">\n\t\t\t<div class=\"elementor-spacer-inner\"><\/div>\n\t\t<\/div>\n\t\t\t\t\t\t<\/div>\n\t\t\t\t\t<\/div>\n\t\t\t\t<\/div>\n\t\t<div class=\"elementor-element elementor-element-ff3dd24 e-flex e-con-boxed e-con e-parent\" data-id=\"ff3dd24\" data-element_type=\"container\" data-e-type=\"container\">\n\t\t\t\t\t<div class=\"e-con-inner\">\n\t\t\t\t<div class=\"elementor-element elementor-element-db26ab2 elementor-grid-2 elementor-grid-tablet-2 elementor-grid-mobile-1 elementor-posts--thumbnail-top elementor-posts--show-avatar elementor-card-shadow-yes elementor-posts__hover-gradient elementor-widget elementor-widget-posts\" data-id=\"db26ab2\" data-element_type=\"widget\" data-e-type=\"widget\" data-settings=\"{&quot;cards_columns&quot;:&quot;2&quot;,&quot;cards_columns_tablet&quot;:&quot;2&quot;,&quot;cards_columns_mobile&quot;:&quot;1&quot;,&quot;cards_row_gap&quot;:{&quot;unit&quot;:&quot;px&quot;,&quot;size&quot;:35,&quot;sizes&quot;:[]},&quot;cards_row_gap_tablet&quot;:{&quot;unit&quot;:&quot;px&quot;,&quot;size&quot;:&quot;&quot;,&quot;sizes&quot;:[]},&quot;cards_row_gap_mobile&quot;:{&quot;unit&quot;:&quot;px&quot;,&quot;size&quot;:&quot;&quot;,&quot;sizes&quot;:[]}}\" data-widget_type=\"posts.cards\">\n\t\t\t\t<div class=\"elementor-widget-container\">\n\t\t\t\t\t\t\t<div class=\"elementor-posts-container elementor-posts elementor-posts--skin-cards elementor-grid\" role=\"list\">\n\t\t\t\t<article class=\"elementor-post elementor-grid-item post-1465 post type-post status-publish format-standard has-post-thumbnail hentry category-comercio\" role=\"listitem\">\n\t\t\t<div class=\"elementor-post__card\">\n\t\t\t\t<a class=\"elementor-post__thumbnail__link\" href=\"https:\/\/visionlogistic.net\/en\/2024\/12\/06\/incoterms-2020-simplificando-el-comercio-internacional\/\" tabindex=\"-1\" ><div class=\"elementor-post__thumbnail\"><img decoding=\"async\" width=\"300\" height=\"160\" src=\"https:\/\/visionlogistic.net\/wp-content\/uploads\/2024\/12\/imagen_2024-12-05_194634329-300x160.png\" class=\"attachment-medium size-medium wp-image-1469\" alt=\"\" srcset=\"https:\/\/visionlogistic.net\/wp-content\/uploads\/2024\/12\/imagen_2024-12-05_194634329-300x160.png 300w, https:\/\/visionlogistic.net\/wp-content\/uploads\/2024\/12\/imagen_2024-12-05_194634329-768x410.png 768w, https:\/\/visionlogistic.net\/wp-content\/uploads\/2024\/12\/imagen_2024-12-05_194634329-18x10.png 18w, https:\/\/visionlogistic.net\/wp-content\/uploads\/2024\/12\/imagen_2024-12-05_194634329.png 1024w\" sizes=\"(max-width: 300px) 100vw, 300px\" \/><\/div><\/a>\n\t\t\t\t<div class=\"elementor-post__badge\">Trade<\/div>\n\t\t\t\t<div class=\"elementor-post__avatar\">\n\t\t\t<img alt='admin' src='https:\/\/secure.gravatar.com\/avatar\/b3e3de34625d02db594a2ae8509990fe13eee47b30363d398f54e35e2f0e9d20?s=128&#038;d=mm&#038;r=g' srcset='https:\/\/secure.gravatar.com\/avatar\/b3e3de34625d02db594a2ae8509990fe13eee47b30363d398f54e35e2f0e9d20?s=256&#038;d=mm&#038;r=g 2x' class='avatar avatar-128 photo' height='128' width='128' \/>\t\t<\/div>\n\t\t\t\t<div class=\"elementor-post__text\">\n\t\t\t\t<h3 class=\"elementor-post__title\">\n\t\t\t<a href=\"https:\/\/visionlogistic.net\/en\/2024\/12\/06\/incoterms-2020-simplificando-el-comercio-internacional\/\" >\n\t\t\t\tIncoterms 2020: Simplifying the International Trade\t\t\t<\/a>\n\t\t<\/h3>\n\t\t\t\t<div class=\"elementor-post__excerpt\">\n\t\t\t<p>In Group View, we know that international trade can be a challenge, especially when it comes to coordinating purchases, sales, or international shipments, and set<\/p>\n\t\t<\/div>\n\t\t\n\t\t<a class=\"elementor-post__read-more\" href=\"https:\/\/visionlogistic.net\/en\/2024\/12\/06\/incoterms-2020-simplificando-el-comercio-internacional\/\" aria-label=\"Read more about Incoterms 2020: Simplificando el Comercio Internacional\" tabindex=\"-1\" >\n\t\t\tRead more &#034;\t\t<\/a>\n\n\t\t\t\t<\/div>\n\t\t\t\t<div class=\"elementor-post__meta-data\">\n\t\t\t\t\t<span class=\"elementor-post-date\">\n\t\t\tDecember 6, 2024\t\t<\/span>\n\t\t\t\t<span class=\"elementor-post-avatar\">\n\t\t\tNo Comments\t\t<\/span>\n\t\t\t\t<\/div>\n\t\t\t\t\t<\/div>\n\t\t<\/article>\n\t\t\t\t<article class=\"elementor-post elementor-grid-item post-896 post type-post status-publish format-standard has-post-thumbnail hentry category-importaciones\" role=\"listitem\">\n\t\t\t<div class=\"elementor-post__card\">\n\t\t\t\t<a class=\"elementor-post__thumbnail__link\" href=\"https:\/\/visionlogistic.net\/en\/2024\/11\/28\/que-necesito-para-importar\/\" tabindex=\"-1\" ><div class=\"elementor-post__thumbnail\"><img fetchpriority=\"high\" decoding=\"async\" width=\"300\" height=\"168\" src=\"https:\/\/visionlogistic.net\/wp-content\/uploads\/2024\/11\/imagen_2024-11-28_152234045-300x168.png\" class=\"attachment-medium size-medium wp-image-900\" alt=\"\" srcset=\"https:\/\/visionlogistic.net\/wp-content\/uploads\/2024\/11\/imagen_2024-11-28_152234045-300x168.png 300w, https:\/\/visionlogistic.net\/wp-content\/uploads\/2024\/11\/imagen_2024-11-28_152234045-1024x575.png 1024w, https:\/\/visionlogistic.net\/wp-content\/uploads\/2024\/11\/imagen_2024-11-28_152234045-768x431.png 768w, https:\/\/visionlogistic.net\/wp-content\/uploads\/2024\/11\/imagen_2024-11-28_152234045.png 1300w\" sizes=\"(max-width: 300px) 100vw, 300px\" \/><\/div><\/a>\n\t\t\t\t<div class=\"elementor-post__badge\">Imports<\/div>\n\t\t\t\t<div class=\"elementor-post__avatar\">\n\t\t\t<img alt='admin' src='https:\/\/secure.gravatar.com\/avatar\/b3e3de34625d02db594a2ae8509990fe13eee47b30363d398f54e35e2f0e9d20?s=128&#038;d=mm&#038;r=g' srcset='https:\/\/secure.gravatar.com\/avatar\/b3e3de34625d02db594a2ae8509990fe13eee47b30363d398f54e35e2f0e9d20?s=256&#038;d=mm&#038;r=g 2x' class='avatar avatar-128 photo' height='128' width='128' \/>\t\t<\/div>\n\t\t\t\t<div class=\"elementor-post__text\">\n\t\t\t\t<h3 class=\"elementor-post__title\">\n\t\t\t<a href=\"https:\/\/visionlogistic.net\/en\/2024\/11\/28\/que-necesito-para-importar\/\" >\n\t\t\t\tWhat do I need to import?\t\t\t<\/a>\n\t\t<\/h3>\n\t\t\t\t<div class=\"elementor-post__excerpt\">\n\t\t\t<p>For importing goods to Mexico, they require multiple steps and requirements depending on the type of product. Here are the basic elements: *In case of no<\/p>\n\t\t<\/div>\n\t\t\n\t\t<a class=\"elementor-post__read-more\" href=\"https:\/\/visionlogistic.net\/en\/2024\/11\/28\/que-necesito-para-importar\/\" aria-label=\"Read more about \u00bfQu\u00e9 necesito para importar?\" tabindex=\"-1\" >\n\t\t\tRead more &#034;\t\t<\/a>\n\n\t\t\t\t<\/div>\n\t\t\t\t<div class=\"elementor-post__meta-data\">\n\t\t\t\t\t<span class=\"elementor-post-date\">\n\t\t\tNovember 28, 2024\t\t<\/span>\n\t\t\t\t<span class=\"elementor-post-avatar\">\n\t\t\tNo Comments\t\t<\/span>\n\t\t\t\t<\/div>\n\t\t\t\t\t<\/div>\n\t\t<\/article>\n\t\t\t\t<article class=\"elementor-post elementor-grid-item post-886 post type-post status-publish format-standard has-post-thumbnail hentry category-servicios\" role=\"listitem\">\n\t\t\t<div class=\"elementor-post__card\">\n\t\t\t\t<a class=\"elementor-post__thumbnail__link\" href=\"https:\/\/visionlogistic.net\/en\/2024\/11\/28\/nuestros-servicios\/\" tabindex=\"-1\" ><div class=\"elementor-post__thumbnail\"><img decoding=\"async\" width=\"300\" height=\"200\" src=\"https:\/\/visionlogistic.net\/wp-content\/uploads\/2024\/11\/imagen_2024-11-28_150924508-300x200.png\" class=\"attachment-medium size-medium wp-image-893\" alt=\"\" srcset=\"https:\/\/visionlogistic.net\/wp-content\/uploads\/2024\/11\/imagen_2024-11-28_150924508-300x200.png 300w, https:\/\/visionlogistic.net\/wp-content\/uploads\/2024\/11\/imagen_2024-11-28_150924508-768x512.png 768w, https:\/\/visionlogistic.net\/wp-content\/uploads\/2024\/11\/imagen_2024-11-28_150924508.png 934w\" sizes=\"(max-width: 300px) 100vw, 300px\" \/><\/div><\/a>\n\t\t\t\t<div class=\"elementor-post__badge\">Services<\/div>\n\t\t\t\t<div class=\"elementor-post__avatar\">\n\t\t\t<img alt='admin' src='https:\/\/secure.gravatar.com\/avatar\/b3e3de34625d02db594a2ae8509990fe13eee47b30363d398f54e35e2f0e9d20?s=128&#038;d=mm&#038;r=g' srcset='https:\/\/secure.gravatar.com\/avatar\/b3e3de34625d02db594a2ae8509990fe13eee47b30363d398f54e35e2f0e9d20?s=256&#038;d=mm&#038;r=g 2x' class='avatar avatar-128 photo' height='128' width='128' \/>\t\t<\/div>\n\t\t\t\t<div class=\"elementor-post__text\">\n\t\t\t\t<h3 class=\"elementor-post__title\">\n\t\t\t<a href=\"https:\/\/visionlogistic.net\/en\/2024\/11\/28\/nuestros-servicios\/\" >\n\t\t\t\tOur Services\t\t\t<\/a>\n\t\t<\/h3>\n\t\t\t\t<div class=\"elementor-post__excerpt\">\n\t\t\t<p>Comprehensive management of customs formalities: We take care of the presentation of documents, permits and declarations necessary for the dispatch of your goods. Tariff classification specified:<\/p>\n\t\t<\/div>\n\t\t\n\t\t<a class=\"elementor-post__read-more\" href=\"https:\/\/visionlogistic.net\/en\/2024\/11\/28\/nuestros-servicios\/\" aria-label=\"Read more about Nuestros Servicios\" tabindex=\"-1\" >\n\t\t\tRead more &#034;\t\t<\/a>\n\n\t\t\t\t<\/div>\n\t\t\t\t<div class=\"elementor-post__meta-data\">\n\t\t\t\t\t<span class=\"elementor-post-date\">\n\t\t\tNovember 28, 2024\t\t<\/span>\n\t\t\t\t<span class=\"elementor-post-avatar\">\n\t\t\tNo Comments\t\t<\/span>\n\t\t\t\t<\/div>\n\t\t\t\t\t<\/div>\n\t\t<\/article>\n\t\t\t\t<article class=\"elementor-post elementor-grid-item post-875 post type-post status-publish format-standard has-post-thumbnail hentry category-aduanas\" role=\"listitem\">\n\t\t\t<div class=\"elementor-post__card\">\n\t\t\t\t<a class=\"elementor-post__thumbnail__link\" href=\"https:\/\/visionlogistic.net\/en\/2024\/11\/28\/que-es-un-agente-aduanal-y-por-que-es-clave-en-el-comercio-internacional\/\" tabindex=\"-1\" ><div class=\"elementor-post__thumbnail\"><img loading=\"lazy\" decoding=\"async\" width=\"300\" height=\"109\" src=\"https:\/\/visionlogistic.net\/wp-content\/uploads\/2024\/11\/imagen_2024-11-28_144030812-300x109.png\" class=\"attachment-medium size-medium wp-image-883\" alt=\"\" srcset=\"https:\/\/visionlogistic.net\/wp-content\/uploads\/2024\/11\/imagen_2024-11-28_144030812-300x109.png 300w, https:\/\/visionlogistic.net\/wp-content\/uploads\/2024\/11\/imagen_2024-11-28_144030812-1024x372.png 1024w, https:\/\/visionlogistic.net\/wp-content\/uploads\/2024\/11\/imagen_2024-11-28_144030812-768x279.png 768w, https:\/\/visionlogistic.net\/wp-content\/uploads\/2024\/11\/imagen_2024-11-28_144030812.png 1100w\" sizes=\"(max-width: 300px) 100vw, 300px\" \/><\/div><\/a>\n\t\t\t\t<div class=\"elementor-post__badge\">Customs<\/div>\n\t\t\t\t<div class=\"elementor-post__avatar\">\n\t\t\t<img alt='admin' src='https:\/\/secure.gravatar.com\/avatar\/b3e3de34625d02db594a2ae8509990fe13eee47b30363d398f54e35e2f0e9d20?s=128&#038;d=mm&#038;r=g' srcset='https:\/\/secure.gravatar.com\/avatar\/b3e3de34625d02db594a2ae8509990fe13eee47b30363d398f54e35e2f0e9d20?s=256&#038;d=mm&#038;r=g 2x' class='avatar avatar-128 photo' height='128' width='128' \/>\t\t<\/div>\n\t\t\t\t<div class=\"elementor-post__text\">\n\t\t\t\t<h3 class=\"elementor-post__title\">\n\t\t\t<a href=\"https:\/\/visionlogistic.net\/en\/2024\/11\/28\/que-es-un-agente-aduanal-y-por-que-es-clave-en-el-comercio-internacional\/\" >\n\t\t\t\tWhat is a Customs Broker and why it is key in International Trade?\t\t\t<\/a>\n\t\t<\/h3>\n\t\t\t\t<div class=\"elementor-post__excerpt\">\n\t\t\t<p>In Group View, we understand the importance of having a strategic partner to your foreign trade operations. That is why, we offer you the<\/p>\n\t\t<\/div>\n\t\t\n\t\t<a class=\"elementor-post__read-more\" href=\"https:\/\/visionlogistic.net\/en\/2024\/11\/28\/que-es-un-agente-aduanal-y-por-que-es-clave-en-el-comercio-internacional\/\" aria-label=\"Read more about \u00bfQu\u00e9 es un Agente Aduanal y por qu\u00e9 es clave en el Comercio Internacional?\" tabindex=\"-1\" >\n\t\t\tRead more &#034;\t\t<\/a>\n\n\t\t\t\t<\/div>\n\t\t\t\t<div class=\"elementor-post__meta-data\">\n\t\t\t\t\t<span class=\"elementor-post-date\">\n\t\t\tNovember 28, 2024\t\t<\/span>\n\t\t\t\t<span class=\"elementor-post-avatar\">\n\t\t\tNo Comments\t\t<\/span>\n\t\t\t\t<\/div>\n\t\t\t\t\t<\/div>\n\t\t<\/article>\n\t\t\t\t<\/div>\n\t\t\n\t\t\t\t\t\t<\/div>\n\t\t\t\t<\/div>\n\t\t\t\t\t<\/div>\n\t\t\t\t<\/div>\n\t\t<div class=\"elementor-element elementor-element-cadfa2f e-flex e-con-boxed e-con e-parent\" data-id=\"cadfa2f\" data-element_type=\"container\" data-e-type=\"container\">\n\t\t\t\t\t<div class=\"e-con-inner\">\n\t\t\t\t<div class=\"elementor-element elementor-element-7108ca2 elementor-widget elementor-widget-spacer\" data-id=\"7108ca2\" data-element_type=\"widget\" data-e-type=\"widget\" data-widget_type=\"spacer.default\">\n\t\t\t\t\t\t\t<div class=\"elementor-spacer\">\n\t\t\t<div class=\"elementor-spacer-inner\"><\/div>\n\t\t<\/div>\n\t\t\t\t\t\t<\/div>\n\t\t\t\t\t<\/div>\n\t\t\t\t<\/div>\n\t\t\t\t<\/div>","protected":false},"excerpt":{"rendered":"<p>BLOG &#8211; GRUPO VISI\u00d3N Encuentra y resuelve tus dudas con nuestra informaci\u00f3n detallada sobre las aduana, las importaciones, los servicios que brindamos y m\u00e1s<\/p>","protected":false},"author":2,"featured_media":0,"parent":0,"menu_order":0,"comment_status":"closed","ping_status":"closed","template":"","meta":{"footnotes":""},"class_list":["post-826","page","type-page","status-publish","hentry"],"_links":{"self":[{"href":"https:\/\/visionlogistic.net\/en\/wp-json\/wp\/v2\/pages\/826","targetHints":{"allow":["GET"]}}],"collection":[{"href":"https:\/\/visionlogistic.net\/en\/wp-json\/wp\/v2\/pages"}],"about":[{"href":"https:\/\/visionlogistic.net\/en\/wp-json\/wp\/v2\/types\/page"}],"author":[{"embeddable":true,"href":"https:\/\/visionlogistic.net\/en\/wp-json\/wp\/v2\/users\/2"}],"replies":[{"embeddable":true,"href":"https:\/\/visionlogistic.net\/en\/wp-json\/wp\/v2\/comments?post=826"}],"version-history":[{"count":31,"href":"https:\/\/visionlogistic.net\/en\/wp-json\/wp\/v2\/pages\/826\/revisions"}],"predecessor-version":[{"id":1472,"href":"https:\/\/visionlogistic.net\/en\/wp-json\/wp\/v2\/pages\/826\/revisions\/1472"}],"wp:attachment":[{"href":"https:\/\/visionlogistic.net\/en\/wp-json\/wp\/v2\/media?parent=826"}],"curies":[{"name":"wp","href":"https:\/\/api.w.org\/{rel}","templated":true}]}}