{"id":968,"date":"2024-11-29T02:31:41","date_gmt":"2024-11-29T02:31:41","guid":{"rendered":"https:\/\/aepe.com.mx\/?page_id=968"},"modified":"2025-09-26T19:11:22","modified_gmt":"2025-09-26T19:11:22","slug":"despacho-aduanal","status":"publish","type":"page","link":"https:\/\/visionlogistic.net\/en\/despacho-aduanal\/","title":{"rendered":"Despacho Aduanal"},"content":{"rendered":"<div data-elementor-type=\"wp-page\" data-elementor-id=\"968\" class=\"elementor elementor-968\" data-elementor-post-type=\"page\">\n\t\t\t\t<div class=\"elementor-element elementor-element-446c503 e-con-full e-flex e-con e-parent\" data-id=\"446c503\" data-element_type=\"container\" data-e-type=\"container\" data-settings=\"{&quot;background_background&quot;:&quot;classic&quot;}\">\n\t\t\t\t<div class=\"elementor-element elementor-element-6fe8aa8 elementor-widget elementor-widget-heading\" data-id=\"6fe8aa8\" data-element_type=\"widget\" data-e-type=\"widget\" data-widget_type=\"heading.default\">\n\t\t\t\t\t<h2 class=\"elementor-heading-title elementor-size-default\">SERVICES OF CUSTOMS CLEARANCE<\/h2>\t\t\t\t<\/div>\n\t\t\t\t<div class=\"elementor-element elementor-element-e4f6eae elementor-widget-divider--view-line elementor-widget elementor-widget-divider\" data-id=\"e4f6eae\" data-element_type=\"widget\" data-e-type=\"widget\" data-widget_type=\"divider.default\">\n\t\t\t\t\t\t\t<div class=\"elementor-divider\">\n\t\t\t<span class=\"elementor-divider-separator\">\n\t\t\t\t\t\t<\/span>\n\t\t<\/div>\n\t\t\t\t\t\t<\/div>\n\t\t\t\t<div class=\"elementor-element elementor-element-085781a elementor-widget elementor-widget-heading\" data-id=\"085781a\" data-element_type=\"widget\" data-e-type=\"widget\" data-widget_type=\"heading.default\">\n\t\t\t\t\t<h2 class=\"elementor-heading-title elementor-size-default\">GROUP VISION<\/h2>\t\t\t\t<\/div>\n\t\t\t\t<\/div>\n\t\t<div class=\"elementor-element elementor-element-cdace5f e-flex e-con-boxed e-con e-parent\" data-id=\"cdace5f\" data-element_type=\"container\" data-e-type=\"container\">\n\t\t\t\t\t<div class=\"e-con-inner\">\n\t\t\t\t<div class=\"elementor-element elementor-element-52f8a08 elementor-widget elementor-widget-spacer\" data-id=\"52f8a08\" data-element_type=\"widget\" data-e-type=\"widget\" data-widget_type=\"spacer.default\">\n\t\t\t\t\t\t\t<div class=\"elementor-spacer\">\n\t\t\t<div class=\"elementor-spacer-inner\"><\/div>\n\t\t<\/div>\n\t\t\t\t\t\t<\/div>\n\t\t\t\t\t<\/div>\n\t\t\t\t<\/div>\n\t\t<div class=\"elementor-element elementor-element-ad2acc2 e-flex e-con-boxed e-con e-parent\" data-id=\"ad2acc2\" data-element_type=\"container\" data-e-type=\"container\">\n\t\t\t\t\t<div class=\"e-con-inner\">\n\t\t\t\t<div class=\"elementor-element elementor-element-a34d4a0 elementor-widget elementor-widget-heading\" data-id=\"a34d4a0\" data-element_type=\"widget\" data-e-type=\"widget\" data-widget_type=\"heading.default\">\n\t\t\t\t\t<h2 class=\"elementor-heading-title elementor-size-default\">GROUP VISION<\/h2>\t\t\t\t<\/div>\n\t\t\t\t<div class=\"elementor-element elementor-element-91c3e71 elementor-widget elementor-widget-text-editor\" data-id=\"91c3e71\" data-element_type=\"widget\" data-e-type=\"widget\" data-widget_type=\"text-editor.default\">\n\t\t\t\t\t\t\t\t\t<p>we are leaders in foreign trade services patent customs of their own. We have a presence in the major points of entry of Mexico, offering solutions that are agile, secure, and customized for all your import and export operations.<\/p>\n<p><br><\/p>\n<p>Our approach is backed by an efficient infrastructure and a highly experienced team, ensuring the success of your operations. The services that we offer include:<\/p>\n<div><br><\/div>\t\t\t\t\t\t\t\t<\/div>\n\t\t\t\t\t<\/div>\n\t\t\t\t<\/div>\n\t\t<div class=\"elementor-element elementor-element-d13fcff e-flex e-con-boxed e-con e-parent\" data-id=\"d13fcff\" data-element_type=\"container\" data-e-type=\"container\">\n\t\t\t\t\t<div class=\"e-con-inner\">\n\t\t<div class=\"elementor-element elementor-element-6429864 e-con-full e-flex e-con e-child\" data-id=\"6429864\" data-element_type=\"container\" data-e-type=\"container\">\n\t\t\t\t<div class=\"elementor-element elementor-element-10ee06e elementor-position-top elementor-widget elementor-widget-image-box\" data-id=\"10ee06e\" data-element_type=\"widget\" data-e-type=\"widget\" data-widget_type=\"image-box.default\">\n\t\t\t\t\t<div class=\"elementor-image-box-wrapper\"><figure class=\"elementor-image-box-img\"><img decoding=\"async\" width=\"128\" height=\"128\" src=\"https:\/\/visionlogistic.net\/wp-content\/uploads\/2024\/11\/imagen_2024-11-29_134708501.png\" class=\"attachment-full size-full wp-image-1028\" alt=\"\" \/><\/figure><div class=\"elementor-image-box-content\"><h3 class=\"elementor-image-box-title\">Final Importation<\/h3><p class=\"elementor-image-box-description\">We manage the permanent intake of goods to Mexico, ensuring compliance with all regulations and facilitating their incorporation into the national market.\n<\/p><\/div><\/div>\t\t\t\t<\/div>\n\t\t\t\t<\/div>\n\t\t<div class=\"elementor-element elementor-element-7b430d9 e-con-full e-flex e-con e-child\" data-id=\"7b430d9\" data-element_type=\"container\" data-e-type=\"container\">\n\t\t\t\t<div class=\"elementor-element elementor-element-aee334b elementor-position-top elementor-widget elementor-widget-image-box\" data-id=\"aee334b\" data-element_type=\"widget\" data-e-type=\"widget\" data-widget_type=\"image-box.default\">\n\t\t\t\t\t<div class=\"elementor-image-box-wrapper\"><figure class=\"elementor-image-box-img\"><img decoding=\"async\" width=\"128\" height=\"128\" src=\"https:\/\/visionlogistic.net\/wp-content\/uploads\/2024\/11\/imagen_2024-11-29_134757183.png\" class=\"attachment-full size-full wp-image-1029\" alt=\"\" \/><\/figure><div class=\"elementor-image-box-content\"><h3 class=\"elementor-image-box-title\">Temporary Imports<\/h3><p class=\"elementor-image-box-description\">We coordinate the temporary entry of goods for specific uses such as manufacturing, or exhibition, with the commitment to meet the deadlines and regulations.\n<\/p><\/div><\/div>\t\t\t\t<\/div>\n\t\t\t\t<\/div>\n\t\t<div class=\"elementor-element elementor-element-07a12a3 e-con-full e-flex e-con e-child\" data-id=\"07a12a3\" data-element_type=\"container\" data-e-type=\"container\">\n\t\t\t\t<div class=\"elementor-element elementor-element-37f4be8 elementor-position-top elementor-widget elementor-widget-image-box\" data-id=\"37f4be8\" data-element_type=\"widget\" data-e-type=\"widget\" data-widget_type=\"image-box.default\">\n\t\t\t\t\t<div class=\"elementor-image-box-wrapper\"><figure class=\"elementor-image-box-img\"><img decoding=\"async\" width=\"128\" height=\"128\" src=\"https:\/\/visionlogistic.net\/wp-content\/uploads\/2024\/11\/imagen_2024-11-29_134826326.png\" class=\"attachment-full size-full wp-image-1030\" alt=\"\" \/><\/figure><div class=\"elementor-image-box-content\"><h3 class=\"elementor-image-box-title\">Export Final<\/h3><p class=\"elementor-image-box-description\">We provide the output of products of Mexico to the rest of the world, optimizing procedures to ensure access to international markets.\n<\/p><\/div><\/div>\t\t\t\t<\/div>\n\t\t\t\t<\/div>\n\t\t<div class=\"elementor-element elementor-element-f21cfb1 e-con-full e-flex e-con e-child\" data-id=\"f21cfb1\" data-element_type=\"container\" data-e-type=\"container\">\n\t\t\t\t<div class=\"elementor-element elementor-element-1ca2bcd elementor-position-top elementor-widget elementor-widget-image-box\" data-id=\"1ca2bcd\" data-element_type=\"widget\" data-e-type=\"widget\" data-widget_type=\"image-box.default\">\n\t\t\t\t\t<div class=\"elementor-image-box-wrapper\"><figure class=\"elementor-image-box-img\"><img loading=\"lazy\" decoding=\"async\" width=\"128\" height=\"128\" src=\"https:\/\/visionlogistic.net\/wp-content\/uploads\/2024\/11\/imagen_2024-11-29_135535141.png\" class=\"attachment-full size-full wp-image-1035\" alt=\"\" \/><\/figure><div class=\"elementor-image-box-content\"><h3 class=\"elementor-image-box-title\">Temporary Exportations<\/h3><p class=\"elementor-image-box-description\">We organize the temporary exportation of goods for purposes such as trade fairs, exhibitions or transformation in the foreign, with clear processes and efficient.\n<\/p><\/div><\/div>\t\t\t\t<\/div>\n\t\t\t\t<div class=\"elementor-element elementor-element-8306b97 elementor-position-top elementor-widget elementor-widget-image-box\" data-id=\"8306b97\" data-element_type=\"widget\" data-e-type=\"widget\" data-widget_type=\"image-box.default\">\n\t\t\t\t\t<div class=\"elementor-image-box-wrapper\"><figure class=\"elementor-image-box-img\"><img loading=\"lazy\" decoding=\"async\" width=\"128\" height=\"128\" src=\"https:\/\/visionlogistic.net\/wp-content\/uploads\/2024\/11\/imagen_2024-11-29_135842352.png\" class=\"attachment-full size-full wp-image-1041\" alt=\"\" \/><\/figure><div class=\"elementor-image-box-content\"><h3 class=\"elementor-image-box-title\">Virtual operations and Regularization<\/h3><p class=\"elementor-image-box-description\">We perform virtual operations that facilitate the trade between maquiladoras and assist you in the regularisation of goods, ensuring the legal compliance of the same.\n<\/p><\/div><\/div>\t\t\t\t<\/div>\n\t\t\t\t<\/div>\n\t\t<div class=\"elementor-element elementor-element-23e60ba e-con-full e-flex e-con e-child\" data-id=\"23e60ba\" data-element_type=\"container\" data-e-type=\"container\">\n\t\t\t\t<div class=\"elementor-element elementor-element-eb5eb9e elementor-position-top elementor-widget elementor-widget-image-box\" data-id=\"eb5eb9e\" data-element_type=\"widget\" data-e-type=\"widget\" data-widget_type=\"image-box.default\">\n\t\t\t\t\t<div class=\"elementor-image-box-wrapper\"><figure class=\"elementor-image-box-img\"><img loading=\"lazy\" decoding=\"async\" width=\"128\" height=\"128\" src=\"https:\/\/visionlogistic.net\/wp-content\/uploads\/2024\/11\/imagen_2024-11-29_135721482.png\" class=\"attachment-full size-full wp-image-1039\" alt=\"\" \/><\/figure><div class=\"elementor-image-box-content\"><h3 class=\"elementor-image-box-title\">Transits<\/h3><p class=\"elementor-image-box-description\">We manage the movement of goods under customs control between different parts of the country or to the border, ensuring a quick and seamless.\n<\/p><\/div><\/div>\t\t\t\t<\/div>\n\t\t\t\t<div class=\"elementor-element elementor-element-7aac296 elementor-position-top elementor-widget elementor-widget-image-box\" data-id=\"7aac296\" data-element_type=\"widget\" data-e-type=\"widget\" data-widget_type=\"image-box.default\">\n\t\t\t\t\t<div class=\"elementor-image-box-wrapper\"><figure class=\"elementor-image-box-img\"><img loading=\"lazy\" decoding=\"async\" width=\"128\" height=\"128\" src=\"https:\/\/visionlogistic.net\/wp-content\/uploads\/2024\/11\/imagen_2024-11-29_135938512.png\" class=\"attachment-full size-full wp-image-1043\" alt=\"\" \/><\/figure><div class=\"elementor-image-box-content\"><h3 class=\"elementor-image-box-title\"><br>Regime change<\/h3><p class=\"elementor-image-box-description\">We assist in the modification of the customs procedure of your goods, adapting to the specific needs of your operation.<\/p><\/div><\/div>\t\t\t\t<\/div>\n\t\t\t\t<\/div>\n\t\t<div class=\"elementor-element elementor-element-87ff4aa e-con-full e-flex e-con e-child\" data-id=\"87ff4aa\" data-element_type=\"container\" data-e-type=\"container\">\n\t\t\t\t<div class=\"elementor-element elementor-element-60f8589 elementor-position-top elementor-widget elementor-widget-image-box\" data-id=\"60f8589\" data-element_type=\"widget\" data-e-type=\"widget\" data-widget_type=\"image-box.default\">\n\t\t\t\t\t<div class=\"elementor-image-box-wrapper\"><figure class=\"elementor-image-box-img\"><img loading=\"lazy\" decoding=\"async\" width=\"128\" height=\"128\" src=\"https:\/\/visionlogistic.net\/wp-content\/uploads\/2024\/11\/imagen_2024-11-29_135742914.png\" class=\"attachment-full size-full wp-image-1040\" alt=\"\" \/><\/figure><div class=\"elementor-image-box-content\"><h3 class=\"elementor-image-box-title\">Tax Warehouse<\/h3><p class=\"elementor-image-box-description\">We offer the possibility of storing goods in areas controlled until you decide your final destination, optimizing costs and times.\n<\/p><\/div><\/div>\t\t\t\t<\/div>\n\t\t\t\t<div class=\"elementor-element elementor-element-080c8e6 elementor-position-top elementor-widget elementor-widget-image-box\" data-id=\"080c8e6\" data-element_type=\"widget\" data-e-type=\"widget\" data-widget_type=\"image-box.default\">\n\t\t\t\t\t<div class=\"elementor-image-box-wrapper\"><figure class=\"elementor-image-box-img\"><img loading=\"lazy\" decoding=\"async\" width=\"128\" height=\"128\" src=\"https:\/\/visionlogistic.net\/wp-content\/uploads\/2024\/11\/imagen_2024-11-29_140045350.png\" class=\"attachment-full size-full wp-image-1044\" alt=\"\" \/><\/figure><div class=\"elementor-image-box-content\"><h3 class=\"elementor-image-box-title\">Operations Complementary<\/h3><p class=\"elementor-image-box-description\">We provide comprehensive support services such as tariff classifications, corrections, tax returns and any additional management<\/p><\/div><\/div>\t\t\t\t<\/div>\n\t\t\t\t<\/div>\n\t\t\t\t\t<\/div>\n\t\t\t\t<\/div>\n\t\t<div class=\"elementor-element elementor-element-90f79fb e-flex e-con-boxed e-con e-parent\" data-id=\"90f79fb\" data-element_type=\"container\" data-e-type=\"container\">\n\t\t\t\t\t<div class=\"e-con-inner\">\n\t\t\t\t<div class=\"elementor-element elementor-element-4ee30a8 elementor-widget elementor-widget-spacer\" data-id=\"4ee30a8\" data-element_type=\"widget\" data-e-type=\"widget\" data-widget_type=\"spacer.default\">\n\t\t\t\t\t\t\t<div class=\"elementor-spacer\">\n\t\t\t<div class=\"elementor-spacer-inner\"><\/div>\n\t\t<\/div>\n\t\t\t\t\t\t<\/div>\n\t\t\t\t\t<\/div>\n\t\t\t\t<\/div>\n\t\t<div class=\"elementor-element elementor-element-0352ea5 e-flex e-con-boxed e-con e-parent\" data-id=\"0352ea5\" data-element_type=\"container\" data-e-type=\"container\">\n\t\t\t\t\t<div class=\"e-con-inner\">\n\t\t<div class=\"elementor-element elementor-element-2b9ce86 e-con-full e-flex e-con e-child\" data-id=\"2b9ce86\" data-element_type=\"container\" data-e-type=\"container\">\n\t\t\t\t<div class=\"elementor-element elementor-element-fd06cba elementor-widget elementor-widget-image\" data-id=\"fd06cba\" data-element_type=\"widget\" data-e-type=\"widget\" data-widget_type=\"image.default\">\n\t\t\t\t\t\t\t\t\t\t\t\t\t\t\t<img loading=\"lazy\" decoding=\"async\" width=\"580\" height=\"485\" src=\"https:\/\/visionlogistic.net\/wp-content\/uploads\/2024\/11\/grupo_vision_logo_slide-2.png\" class=\"attachment-large size-large wp-image-794\" alt=\"\" srcset=\"https:\/\/visionlogistic.net\/wp-content\/uploads\/2024\/11\/grupo_vision_logo_slide-2.png 580w, https:\/\/visionlogistic.net\/wp-content\/uploads\/2024\/11\/grupo_vision_logo_slide-2-300x251.png 300w\" sizes=\"(max-width: 580px) 100vw, 580px\" \/>\t\t\t\t\t\t\t\t\t\t\t\t\t\t\t<\/div>\n\t\t\t\t<\/div>\n\t\t<div class=\"elementor-element elementor-element-c3bc542 e-con-full e-flex e-con e-child\" data-id=\"c3bc542\" data-element_type=\"container\" data-e-type=\"container\">\n\t\t<div class=\"elementor-element elementor-element-32d0701 e-con-full e-flex e-con e-child\" data-id=\"32d0701\" data-element_type=\"container\" data-e-type=\"container\">\n\t\t\t\t<div class=\"elementor-element elementor-element-80869ce elementor-widget elementor-widget-text-editor\" data-id=\"80869ce\" data-element_type=\"widget\" data-e-type=\"widget\" data-widget_type=\"text-editor.default\">\n\t\t\t\t\t\t\t\t\t<p>En Grupo Vision, nos comprometemos a ser tu socio estrat\u00e9gico en comercio exterior, asegurando que cada operaci\u00f3n sea manejada con la excelencia que nos caracteriza.<\/p>\t\t\t\t\t\t\t\t<\/div>\n\t\t\t\t<\/div>\n\t\t<div class=\"elementor-element elementor-element-c4892ae e-con-full e-flex e-con e-child\" data-id=\"c4892ae\" data-element_type=\"container\" data-e-type=\"container\">\n\t\t<div class=\"elementor-element elementor-element-1838948 e-con-full e-flex e-con e-child\" data-id=\"1838948\" data-element_type=\"container\" data-e-type=\"container\">\n\t\t\t\t<div class=\"elementor-element elementor-element-60c5bcf elementor-widget elementor-widget-html\" data-id=\"60c5bcf\" data-element_type=\"widget\" data-e-type=\"widget\" data-widget_type=\"html.default\">\n\t\t\t\t\t<!-- Contenedor centrado -->\r\n<div style=\"text-align: center; margin: 30px 0;\">\r\n  <p style=\"font-size: 18px; font-weight: bold; color: #0b1d4d; font-style: italic; margin-bottom: 15px;\">\r\n    \u00a1Cont\u00e1ctanos hoy y descubre c\u00f3mo podemos potenciar tu negocio!\r\n  <\/p>\r\n\r\n  <!-- Bot\u00f3n principal -->\r\n  <button id=\"enviarCorreo\" class=\"btn-contacto\">\u00a1Cont\u00e1ctanos!<\/button>\r\n  <br>\r\n  <small>\r\n    <a href=\"#\" id=\"cambiarPreferencia\" style=\"color:#0056d6; font-weight:bold;\">Cambiar preferencia de correo<\/a>\r\n  <\/small>\r\n<\/div>\r\n\r\n<!-- Popup oculto -->\r\n<div id=\"popupCorreo\" style=\"  display:none;  position:fixed;  top:0; left:0;  width:100%; height:100%;  background:rgba(0,0,0,0.6);  z-index:9999;  justify-content:center;  align-items:center;\">\r\n  <div style=\"    background:#fff;    padding:20px;    border-radius:10px;    text-align:center;    max-width:320px;    width:85%;    font-family:sans-serif;    box-shadow:0 5px 15px rgba(0,0,0,0.3);  \">\r\n    <h3 style=\"margin-bottom:15px; color:#0d2d6c;\">\r\n      \u00bfC\u00f3mo quieres enviar tu correo?\r\n    <\/h3>\r\n    <button id=\"usarGmail\" class=\"btn-contacto\">\ud83d\udce7 Gmail<\/button>\r\n    <button id=\"usarOutlook\" class=\"btn-contacto\">\ud83d\udcbc Outlook<\/button>\r\n    <button id=\"usarOtro\" class=\"btn-contacto\">\ud83d\udcee Otro cliente<\/button>\r\n    <br><br>\r\n    <button id=\"cerrarPopup\" class=\"btn-cancelar\">Cancelar<\/button>\r\n  <\/div>\r\n<\/div>\r\n\r\n<style>\r\n  \/* Bot\u00f3n principal y opciones del popup *\/\r\n  .btn-contacto {\r\n    background:#0056d2; \/* Azul como tu bot\u00f3n *\/\r\n    color:#fff;\r\n    border:none;\r\n    padding:14px 28px;\r\n    margin:8px 0;\r\n    font-size:16px;\r\n    font-weight:bold;\r\n    text-transform:uppercase;\r\n    border-radius:6px;\r\n    cursor:pointer;\r\n    width:100%;\r\n    box-shadow:0 4px 6px rgba(0,0,0,0.2);\r\n    transition:0.3s;\r\n  }\r\n\r\n  .btn-contacto:hover {\r\n    background:#0041a8; \/* Azul m\u00e1s oscuro al pasar el mouse *\/\r\n  }\r\n\r\n  \/* Bot\u00f3n cancelar en el popup *\/\r\n  .btn-cancelar {\r\n    background:#ccc;\r\n    color:#000;\r\n    border:none;\r\n    padding:10px 20px;\r\n    border-radius:6px;\r\n    font-weight:bold;\r\n    cursor:pointer;\r\n    transition:0.3s;\r\n  }\r\n\r\n  .btn-cancelar:hover {\r\n    background:#999;\r\n  }\r\n<\/style>\r\n\r\n<script>\r\n  const email = \"mensajeria@cmesc.com.mx\";\r\n  const subject = \"Informes\";\r\n\r\n  const boton = document.getElementById(\"enviarCorreo\");\r\n  const popup = document.getElementById(\"popupCorreo\");\r\n  const usarGmail = document.getElementById(\"usarGmail\");\r\n  const usarOutlook = document.getElementById(\"usarOutlook\");\r\n  const usarOtro = document.getElementById(\"usarOtro\");\r\n  const cerrarPopup = document.getElementById(\"cerrarPopup\");\r\n  const cambiarPreferencia = document.getElementById(\"cambiarPreferencia\");\r\n\r\n  boton.addEventListener(\"click\", function () {\r\n    const preferencia = localStorage.getItem(\"correoPreferido\");\r\n    if (preferencia) {\r\n      abrirCorreo(preferencia);\r\n    } else {\r\n      popup.style.display = \"flex\";\r\n    }\r\n  });\r\n\r\n  cerrarPopup.addEventListener(\"click\", function () {\r\n    popup.style.display = \"none\";\r\n  });\r\n\r\n  usarGmail.addEventListener(\"click\", function () {\r\n    localStorage.setItem(\"correoPreferido\", \"gmail\");\r\n    abrirCorreo(\"gmail\");\r\n    popup.style.display = \"none\";\r\n  });\r\n\r\n  usarOutlook.addEventListener(\"click\", function () {\r\n    localStorage.setItem(\"correoPreferido\", \"outlook\");\r\n    abrirCorreo(\"outlook\");\r\n    popup.style.display = \"none\";\r\n  });\r\n\r\n  usarOtro.addEventListener(\"click\", function () {\r\n    localStorage.setItem(\"correoPreferido\", \"otro\");\r\n    abrirCorreo(\"otro\");\r\n    popup.style.display = \"none\";\r\n  });\r\n\r\n  cambiarPreferencia.addEventListener(\"click\", function (e) {\r\n    e.preventDefault();\r\n    localStorage.removeItem(\"correoPreferido\");\r\n    popup.style.display = \"flex\";\r\n  });\r\n\r\n  function abrirCorreo(servicio) {\r\n    if (servicio === \"gmail\") {\r\n      window.open(\r\n        `https:\/\/mail.google.com\/mail\/?view=cm&fs=1&to=${email}&su=${encodeURIComponent(subject)}`,\r\n        \"_blank\"\r\n      );\r\n    } else if (servicio === \"outlook\") {\r\n      window.open(\r\n        `https:\/\/outlook.office.com\/mail\/deeplink\/compose?mailtouri=mailto:${email}?subject=${encodeURIComponent(subject)}`,\r\n        \"_blank\"\r\n      );\r\n    } else {\r\n      window.location.href = `mailto:${email}?subject=${encodeURIComponent(subject)}`;\r\n    }\r\n  }\r\n<\/script>\r\n\t\t\t\t<\/div>\n\t\t\t\t<\/div>\n\t\t\t\t<\/div>\n\t\t\t\t<\/div>\n\t\t\t\t\t<\/div>\n\t\t\t\t<\/div>\n\t\t\t\t<\/div>","protected":false},"excerpt":{"rendered":"<p>SERVICIOS DE DESPACHO ADUANAL GRUPO VISI\u00d3N EN GRUPO VISI\u00d3N somos l\u00edderes en servicios de comercio exterior con patente aduanal propia. Contamos con presencia en los principales puntos de entrada de M\u00e9xico, ofreciendo soluciones \u00e1giles, seguras y personalizadas para todas tus operaciones de importaci\u00f3n y exportaci\u00f3n. Nuestro enfoque est\u00e1 respaldado por una infraestructura eficiente y un [&hellip;]<\/p>\n","protected":false},"author":2,"featured_media":0,"parent":0,"menu_order":0,"comment_status":"closed","ping_status":"closed","template":"","meta":{"footnotes":""},"class_list":["post-968","page","type-page","status-publish","hentry"],"_links":{"self":[{"href":"https:\/\/visionlogistic.net\/en\/wp-json\/wp\/v2\/pages\/968","targetHints":{"allow":["GET"]}}],"collection":[{"href":"https:\/\/visionlogistic.net\/en\/wp-json\/wp\/v2\/pages"}],"about":[{"href":"https:\/\/visionlogistic.net\/en\/wp-json\/wp\/v2\/types\/page"}],"author":[{"embeddable":true,"href":"https:\/\/visionlogistic.net\/en\/wp-json\/wp\/v2\/users\/2"}],"replies":[{"embeddable":true,"href":"https:\/\/visionlogistic.net\/en\/wp-json\/wp\/v2\/comments?post=968"}],"version-history":[{"count":55,"href":"https:\/\/visionlogistic.net\/en\/wp-json\/wp\/v2\/pages\/968\/revisions"}],"predecessor-version":[{"id":1956,"href":"https:\/\/visionlogistic.net\/en\/wp-json\/wp\/v2\/pages\/968\/revisions\/1956"}],"wp:attachment":[{"href":"https:\/\/visionlogistic.net\/en\/wp-json\/wp\/v2\/media?parent=968"}],"curies":[{"name":"wp","href":"https:\/\/api.w.org\/{rel}","templated":true}]}}