{"id":974,"date":"2024-11-29T04:05:25","date_gmt":"2024-11-29T04:05:25","guid":{"rendered":"https:\/\/aepe.com.mx\/?page_id=974"},"modified":"2025-09-26T20:00:48","modified_gmt":"2025-09-26T20:00:48","slug":"solucionesl","status":"publish","type":"page","link":"https:\/\/visionlogistic.net\/en\/solucionesl\/","title":{"rendered":"SolucionesLogisticaas"},"content":{"rendered":"<div data-elementor-type=\"wp-page\" data-elementor-id=\"974\" class=\"elementor elementor-974\" data-elementor-post-type=\"page\">\n\t\t\t\t<div class=\"elementor-element elementor-element-00bd2a9 e-con-full e-flex e-con e-parent\" data-id=\"00bd2a9\" data-element_type=\"container\" data-e-type=\"container\" data-settings=\"{&quot;background_background&quot;:&quot;classic&quot;}\">\n\t\t\t\t<div class=\"elementor-element elementor-element-fdcf25d elementor-widget elementor-widget-heading\" data-id=\"fdcf25d\" data-element_type=\"widget\" data-e-type=\"widget\" data-widget_type=\"heading.default\">\n\t\t\t\t\t<h2 class=\"elementor-heading-title elementor-size-default\">LOGISTICS SOLUTIONS WORLD-CLASS<\/h2>\t\t\t\t<\/div>\n\t\t\t\t<div class=\"elementor-element elementor-element-444b5a4 elementor-widget-divider--view-line elementor-widget elementor-widget-divider\" data-id=\"444b5a4\" data-element_type=\"widget\" data-e-type=\"widget\" data-widget_type=\"divider.default\">\n\t\t\t\t\t\t\t<div class=\"elementor-divider\">\n\t\t\t<span class=\"elementor-divider-separator\">\n\t\t\t\t\t\t<\/span>\n\t\t<\/div>\n\t\t\t\t\t\t<\/div>\n\t\t\t\t<div class=\"elementor-element elementor-element-c44c11a elementor-widget elementor-widget-heading\" data-id=\"c44c11a\" data-element_type=\"widget\" data-e-type=\"widget\" data-widget_type=\"heading.default\">\n\t\t\t\t\t<h2 class=\"elementor-heading-title elementor-size-default\">GROUP VISION<\/h2>\t\t\t\t<\/div>\n\t\t\t\t<\/div>\n\t\t<div class=\"elementor-element elementor-element-3a2b9e2 e-flex e-con-boxed e-con e-parent\" data-id=\"3a2b9e2\" data-element_type=\"container\" data-e-type=\"container\">\n\t\t\t\t\t<div class=\"e-con-inner\">\n\t\t\t\t<div class=\"elementor-element elementor-element-5713512 elementor-widget elementor-widget-spacer\" data-id=\"5713512\" data-element_type=\"widget\" data-e-type=\"widget\" data-widget_type=\"spacer.default\">\n\t\t\t\t\t\t\t<div class=\"elementor-spacer\">\n\t\t\t<div class=\"elementor-spacer-inner\"><\/div>\n\t\t<\/div>\n\t\t\t\t\t\t<\/div>\n\t\t\t\t<div class=\"elementor-element elementor-element-205dcf5 elementor-widget elementor-widget-heading\" data-id=\"205dcf5\" data-element_type=\"widget\" data-e-type=\"widget\" data-widget_type=\"heading.default\">\n\t\t\t\t\t<h2 class=\"elementor-heading-title elementor-size-default\">GROUP VISION<\/h2>\t\t\t\t<\/div>\n\t\t\t\t<div class=\"elementor-element elementor-element-5861934 elementor-widget elementor-widget-text-editor\" data-id=\"5861934\" data-element_type=\"widget\" data-e-type=\"widget\" data-widget_type=\"text-editor.default\">\n\t\t\t\t\t\t\t\t\t<p>we understand the complexities of global trade and the need for integrated logistics solutions and custom. For this reason, we offer a full service global logistics under the scheme door-to-door, ensuring efficiency, safety and compliance at every stage of the process.<\/p>\t\t\t\t\t\t\t\t<\/div>\n\t\t\t\t\t<\/div>\n\t\t\t\t<\/div>\n\t\t<div class=\"elementor-element elementor-element-1cfce4f e-flex e-con-boxed e-con e-parent\" data-id=\"1cfce4f\" data-element_type=\"container\" data-e-type=\"container\">\n\t\t\t\t\t<div class=\"e-con-inner\">\n\t\t\t\t<div class=\"elementor-element elementor-element-1d5139b elementor-widget elementor-widget-spacer\" data-id=\"1d5139b\" data-element_type=\"widget\" data-e-type=\"widget\" data-widget_type=\"spacer.default\">\n\t\t\t\t\t\t\t<div class=\"elementor-spacer\">\n\t\t\t<div class=\"elementor-spacer-inner\"><\/div>\n\t\t<\/div>\n\t\t\t\t\t\t<\/div>\n\t\t\t\t\t<\/div>\n\t\t\t\t<\/div>\n\t\t<div class=\"elementor-element elementor-element-bb7ba82 e-flex e-con-boxed e-con e-parent\" data-id=\"bb7ba82\" data-element_type=\"container\" data-e-type=\"container\">\n\t\t\t\t\t<div class=\"e-con-inner\">\n\t\t<div class=\"elementor-element elementor-element-6b13c0b e-con-full e-flex e-con e-child\" data-id=\"6b13c0b\" data-element_type=\"container\" data-e-type=\"container\">\n\t\t\t\t<div class=\"elementor-element elementor-element-b96d4c7 elementor-position-top elementor-widget elementor-widget-image-box\" data-id=\"b96d4c7\" data-element_type=\"widget\" data-e-type=\"widget\" data-widget_type=\"image-box.default\">\n\t\t\t\t\t<div class=\"elementor-image-box-wrapper\"><figure class=\"elementor-image-box-img\"><img decoding=\"async\" width=\"128\" height=\"128\" src=\"https:\/\/visionlogistic.net\/wp-content\/uploads\/2024\/11\/imagen_2024-11-29_143302307.png\" class=\"attachment-full size-full wp-image-1058\" alt=\"\" \/><\/figure><div class=\"elementor-image-box-content\"><h3 class=\"elementor-image-box-title\">Transport <br>Land<\/h3><p class=\"elementor-image-box-description\">We provide solutions to land-based transport adapted to your needs, using combined modality to optimize costs and efficiency.\n<\/p><\/div><\/div>\t\t\t\t<\/div>\n\t\t\t\t<\/div>\n\t\t<div class=\"elementor-element elementor-element-078e33a e-con-full e-flex e-con e-child\" data-id=\"078e33a\" data-element_type=\"container\" data-e-type=\"container\">\n\t\t\t\t<div class=\"elementor-element elementor-element-5bd7d26 elementor-position-top elementor-widget elementor-widget-image-box\" data-id=\"5bd7d26\" data-element_type=\"widget\" data-e-type=\"widget\" data-widget_type=\"image-box.default\">\n\t\t\t\t\t<div class=\"elementor-image-box-wrapper\"><figure class=\"elementor-image-box-img\"><img decoding=\"async\" width=\"128\" height=\"128\" src=\"https:\/\/visionlogistic.net\/wp-content\/uploads\/2024\/11\/imagen_2024-11-29_143406850.png\" class=\"attachment-full size-full wp-image-1059\" alt=\"\" \/><\/figure><div class=\"elementor-image-box-content\"><h3 class=\"elementor-image-box-title\">Maritime and Air transport<\/h3><p class=\"elementor-image-box-description\">Thanks to our partnerships with the major shipping lines and airlines, we handle shipments from any origin and destination, to get adjusted to your specific requirements.\n<\/p><\/div><\/div>\t\t\t\t<\/div>\n\t\t\t\t<\/div>\n\t\t<div class=\"elementor-element elementor-element-d0e4f3b e-con-full e-flex e-con e-child\" data-id=\"d0e4f3b\" data-element_type=\"container\" data-e-type=\"container\">\n\t\t\t\t<div class=\"elementor-element elementor-element-2eb0231 elementor-position-top elementor-widget elementor-widget-image-box\" data-id=\"2eb0231\" data-element_type=\"widget\" data-e-type=\"widget\" data-widget_type=\"image-box.default\">\n\t\t\t\t\t<div class=\"elementor-image-box-wrapper\"><figure class=\"elementor-image-box-img\"><img decoding=\"async\" width=\"128\" height=\"128\" src=\"https:\/\/visionlogistic.net\/wp-content\/uploads\/2024\/11\/imagen_2024-11-29_144842360.png\" class=\"attachment-full size-full wp-image-1061\" alt=\"\" \/><\/figure><div class=\"elementor-image-box-content\"><h3 class=\"elementor-image-box-title\">Insurance National and International<\/h3><p class=\"elementor-image-box-description\">Protect your merchandise with coverages designed to mitigate risks in national and international operations, giving you peace of mind in each shipment.\n<\/p><\/div><\/div>\t\t\t\t<\/div>\n\t\t\t\t<\/div>\n\t\t\t\t\t<\/div>\n\t\t\t\t<\/div>\n\t\t<div class=\"elementor-element elementor-element-cccfe08 e-flex e-con-boxed e-con e-parent\" data-id=\"cccfe08\" data-element_type=\"container\" data-e-type=\"container\">\n\t\t\t\t\t<div class=\"e-con-inner\">\n\t\t\t\t<div class=\"elementor-element elementor-element-f3ad17c elementor-widget elementor-widget-spacer\" data-id=\"f3ad17c\" data-element_type=\"widget\" data-e-type=\"widget\" data-widget_type=\"spacer.default\">\n\t\t\t\t\t\t\t<div class=\"elementor-spacer\">\n\t\t\t<div class=\"elementor-spacer-inner\"><\/div>\n\t\t<\/div>\n\t\t\t\t\t\t<\/div>\n\t\t\t\t\t<\/div>\n\t\t\t\t<\/div>\n\t\t<div class=\"elementor-element elementor-element-7257f1f e-flex e-con-boxed e-con e-parent\" data-id=\"7257f1f\" data-element_type=\"container\" data-e-type=\"container\">\n\t\t\t\t\t<div class=\"e-con-inner\">\n\t\t<div class=\"elementor-element elementor-element-7ce3410 e-con-full e-flex e-con e-child\" data-id=\"7ce3410\" data-element_type=\"container\" data-e-type=\"container\">\n\t\t\t\t<div class=\"elementor-element elementor-element-f4fb374 elementor-position-top elementor-widget elementor-widget-image-box\" data-id=\"f4fb374\" data-element_type=\"widget\" data-e-type=\"widget\" data-widget_type=\"image-box.default\">\n\t\t\t\t\t<div class=\"elementor-image-box-wrapper\"><figure class=\"elementor-image-box-img\"><img loading=\"lazy\" decoding=\"async\" width=\"128\" height=\"128\" src=\"https:\/\/visionlogistic.net\/wp-content\/uploads\/2024\/11\/imagen_2024-11-29_144929891.png\" class=\"attachment-full size-full wp-image-1062\" alt=\"\" \/><\/figure><div class=\"elementor-image-box-content\"><h3 class=\"elementor-image-box-title\">Shipping to Enclosures Tax Strategic<\/h3><p class=\"elementor-image-box-description\">We provide storage and dispatch of your goods in special tax areas strategically placed, optimizing times and costs.\n<\/p><\/div><\/div>\t\t\t\t<\/div>\n\t\t\t\t<\/div>\n\t\t<div class=\"elementor-element elementor-element-9400983 e-con-full e-flex e-con e-child\" data-id=\"9400983\" data-element_type=\"container\" data-e-type=\"container\">\n\t\t\t\t<div class=\"elementor-element elementor-element-d3aa916 elementor-position-top elementor-widget elementor-widget-image-box\" data-id=\"d3aa916\" data-element_type=\"widget\" data-e-type=\"widget\" data-widget_type=\"image-box.default\">\n\t\t\t\t\t<div class=\"elementor-image-box-wrapper\"><figure class=\"elementor-image-box-img\"><img loading=\"lazy\" decoding=\"async\" width=\"128\" height=\"128\" src=\"https:\/\/visionlogistic.net\/wp-content\/uploads\/2024\/11\/imagen_2024-11-29_145027966.png\" class=\"attachment-full size-full wp-image-1063\" alt=\"\" \/><\/figure><div class=\"elementor-image-box-content\"><h3 class=\"elementor-image-box-title\">Stores with Spurs of Rail<\/h3><p class=\"elementor-image-box-description\">Our infrastructure includes stores with spurs of rail, allowing a direct handling and efficient from the rail transport.\n<div><span style=\"font-family: var( --e-global-typography-text-font-family ), Sans-serif;font-weight: var( --e-global-typography-text-font-weight );font-size: 1rem\"><\/span><br><\/div><\/p><\/div><\/div>\t\t\t\t<\/div>\n\t\t\t\t<\/div>\n\t\t<div class=\"elementor-element elementor-element-2b3f59a e-con-full e-flex e-con e-child\" data-id=\"2b3f59a\" data-element_type=\"container\" data-e-type=\"container\">\n\t\t\t\t<div class=\"elementor-element elementor-element-0e6a46c elementor-position-top elementor-widget elementor-widget-image-box\" data-id=\"0e6a46c\" data-element_type=\"widget\" data-e-type=\"widget\" data-widget_type=\"image-box.default\">\n\t\t\t\t\t<div class=\"elementor-image-box-wrapper\"><figure class=\"elementor-image-box-img\"><img loading=\"lazy\" decoding=\"async\" width=\"128\" height=\"128\" src=\"https:\/\/visionlogistic.net\/wp-content\/uploads\/2024\/11\/imagen_2024-11-29_145347946.png\" class=\"attachment-full size-full wp-image-1065\" alt=\"\" \/><\/figure><div class=\"elementor-image-box-content\"><h3 class=\"elementor-image-box-title\">Network of Strategic Alliances in Europe<\/h3><p class=\"elementor-image-box-description\">We work with carriers and forwarders in europe to offer routes to be reliable and competitive rates, ensuring the quality in the international transport.\n<\/p><\/div><\/div>\t\t\t\t<\/div>\n\t\t\t\t<\/div>\n\t\t<div class=\"elementor-element elementor-element-f8fd1f2 e-con-full e-flex e-con e-child\" data-id=\"f8fd1f2\" data-element_type=\"container\" data-e-type=\"container\">\n\t\t\t\t<div class=\"elementor-element elementor-element-efff684 elementor-position-top elementor-widget elementor-widget-image-box\" data-id=\"efff684\" data-element_type=\"widget\" data-e-type=\"widget\" data-widget_type=\"image-box.default\">\n\t\t\t\t\t<div class=\"elementor-image-box-wrapper\"><figure class=\"elementor-image-box-img\"><img loading=\"lazy\" decoding=\"async\" width=\"128\" height=\"128\" src=\"https:\/\/visionlogistic.net\/wp-content\/uploads\/2024\/11\/imagen_2024-11-29_150154015.png\" class=\"attachment-full size-full wp-image-1066\" alt=\"\" \/><\/figure><div class=\"elementor-image-box-content\"><h3 class=\"elementor-image-box-title\">Heavy loads and Oversized<\/h3><p class=\"elementor-image-box-description\">Specialists in special projects, we handle heavy equipment and goods oversized, complying with permissions, custodians, and specific requirements to ensure safe operations and successful.\n<\/p><\/div><\/div>\t\t\t\t<\/div>\n\t\t\t\t<\/div>\n\t\t\t\t\t<\/div>\n\t\t\t\t<\/div>\n\t\t<div class=\"elementor-element elementor-element-f28560f e-flex e-con-boxed e-con e-parent\" data-id=\"f28560f\" data-element_type=\"container\" data-e-type=\"container\">\n\t\t\t\t\t<div class=\"e-con-inner\">\n\t\t\t\t<div class=\"elementor-element elementor-element-5ab4c17 elementor-widget elementor-widget-spacer\" data-id=\"5ab4c17\" data-element_type=\"widget\" data-e-type=\"widget\" data-widget_type=\"spacer.default\">\n\t\t\t\t\t\t\t<div class=\"elementor-spacer\">\n\t\t\t<div class=\"elementor-spacer-inner\"><\/div>\n\t\t<\/div>\n\t\t\t\t\t\t<\/div>\n\t\t\t\t\t<\/div>\n\t\t\t\t<\/div>\n\t\t<div class=\"elementor-element elementor-element-f810ffe e-flex e-con-boxed e-con e-parent\" data-id=\"f810ffe\" data-element_type=\"container\" data-e-type=\"container\">\n\t\t\t\t\t<div class=\"e-con-inner\">\n\t\t\t\t<div class=\"elementor-element elementor-element-1309ed9 elementor-widget elementor-widget-spacer\" data-id=\"1309ed9\" data-element_type=\"widget\" data-e-type=\"widget\" data-widget_type=\"spacer.default\">\n\t\t\t\t\t\t\t<div class=\"elementor-spacer\">\n\t\t\t<div class=\"elementor-spacer-inner\"><\/div>\n\t\t<\/div>\n\t\t\t\t\t\t<\/div>\n\t\t\t\t\t<\/div>\n\t\t\t\t<\/div>\n\t\t<div class=\"elementor-element elementor-element-bf11215 e-flex e-con-boxed e-con e-parent\" data-id=\"bf11215\" data-element_type=\"container\" data-e-type=\"container\">\n\t\t\t\t\t<div class=\"e-con-inner\">\n\t\t<div class=\"elementor-element elementor-element-f41d75e e-con-full e-flex e-con e-child\" data-id=\"f41d75e\" data-element_type=\"container\" data-e-type=\"container\">\n\t\t\t\t<div class=\"elementor-element elementor-element-2b9abec elementor-widget elementor-widget-image\" data-id=\"2b9abec\" data-element_type=\"widget\" data-e-type=\"widget\" data-widget_type=\"image.default\">\n\t\t\t\t\t\t\t\t\t\t\t\t\t\t\t<img loading=\"lazy\" decoding=\"async\" width=\"580\" height=\"485\" src=\"https:\/\/visionlogistic.net\/wp-content\/uploads\/2024\/11\/grupo_vision_logo_slide-2.png\" class=\"attachment-large size-large wp-image-794\" alt=\"\" srcset=\"https:\/\/visionlogistic.net\/wp-content\/uploads\/2024\/11\/grupo_vision_logo_slide-2.png 580w, https:\/\/visionlogistic.net\/wp-content\/uploads\/2024\/11\/grupo_vision_logo_slide-2-300x251.png 300w\" sizes=\"(max-width: 580px) 100vw, 580px\" \/>\t\t\t\t\t\t\t\t\t\t\t\t\t\t\t<\/div>\n\t\t\t\t<\/div>\n\t\t<div class=\"elementor-element elementor-element-f30c4a5 e-con-full e-flex e-con e-child\" data-id=\"f30c4a5\" data-element_type=\"container\" data-e-type=\"container\">\n\t\t<div class=\"elementor-element elementor-element-46900b3 e-con-full e-flex e-con e-child\" data-id=\"46900b3\" data-element_type=\"container\" data-e-type=\"container\">\n\t\t\t\t<div class=\"elementor-element elementor-element-3a5d491 elementor-widget elementor-widget-text-editor\" data-id=\"3a5d491\" data-element_type=\"widget\" data-e-type=\"widget\" data-widget_type=\"text-editor.default\">\n\t\t\t\t\t\t\t\t\t<p>En Grupo Vision, ofrecemos soluciones log\u00edsticas de alto nivel dise\u00f1adas para impulsar el crecimiento y competitividad de tu empresa.<\/p>\t\t\t\t\t\t\t\t<\/div>\n\t\t\t\t<\/div>\n\t\t<div class=\"elementor-element elementor-element-077c46f e-con-full e-flex e-con e-child\" data-id=\"077c46f\" data-element_type=\"container\" data-e-type=\"container\">\n\t\t<div class=\"elementor-element elementor-element-a104141 e-con-full e-flex e-con e-child\" data-id=\"a104141\" data-element_type=\"container\" data-e-type=\"container\">\n\t\t\t\t<div class=\"elementor-element elementor-element-976e9dd elementor-widget elementor-widget-html\" data-id=\"976e9dd\" data-element_type=\"widget\" data-e-type=\"widget\" data-widget_type=\"html.default\">\n\t\t\t\t\t<!-- Contenedor centrado -->\r\n<div style=\"text-align: center; margin: 30px 0;\">\r\n  <p style=\"font-size: 18px; font-weight: bold; color: #0b1d4d; font-style: italic; margin-bottom: 15px;\">\r\n    \u00a1Cont\u00e1ctanos hoy y descubre c\u00f3mo optimizar tu cadena de suministro.!\u200b\r\n  <\/p>\r\n\r\n  <!-- Bot\u00f3n principal -->\r\n  <button id=\"enviarCorreo\" class=\"btn-contacto\">\u00a1Cont\u00e1ctanos!<\/button>\r\n  <br>\r\n  <small>\r\n    <a href=\"#\" id=\"cambiarPreferencia\" style=\"color:#0056d6; font-weight:bold;\">Cambiar preferencia de correo<\/a>\r\n  <\/small>\r\n<\/div>\r\n\r\n<!-- Popup oculto -->\r\n<div id=\"popupCorreo\" style=\"  display:none;  position:fixed;  top:0; left:0;  width:100%; height:100%;  background:rgba(0,0,0,0.6);  z-index:9999;  justify-content:center;  align-items:center;\">\r\n  <div style=\"    background:#fff;    padding:20px;    border-radius:10px;    text-align:center;    max-width:320px;    width:85%;    font-family:sans-serif;    box-shadow:0 5px 15px rgba(0,0,0,0.3);  \">\r\n    <h3 style=\"margin-bottom:15px; color:#0d2d6c;\">\r\n      \u00bfC\u00f3mo quieres enviar tu correo?\r\n    <\/h3>\r\n    <button id=\"usarGmail\" class=\"btn-contacto\">\ud83d\udce7 Gmail<\/button>\r\n    <button id=\"usarOutlook\" class=\"btn-contacto\">\ud83d\udcbc Outlook<\/button>\r\n    <button id=\"usarOtro\" class=\"btn-contacto\">\ud83d\udcee Otro cliente<\/button>\r\n    <br><br>\r\n    <button id=\"cerrarPopup\" class=\"btn-cancelar\">Cancelar<\/button>\r\n  <\/div>\r\n<\/div>\r\n\r\n<style>\r\n  \/* Bot\u00f3n principal y opciones del popup *\/\r\n  .btn-contacto {\r\n    background:#0056d2; \/* Azul como tu bot\u00f3n *\/\r\n    color:#fff;\r\n    border:none;\r\n    padding:14px 28px;\r\n    margin:8px 0;\r\n    font-size:16px;\r\n    font-weight:bold;\r\n    text-transform:uppercase;\r\n    border-radius:6px;\r\n    cursor:pointer;\r\n    width:100%;\r\n    box-shadow:0 4px 6px rgba(0,0,0,0.2);\r\n    transition:0.3s;\r\n  }\r\n\r\n  .btn-contacto:hover {\r\n    background:#0041a8; \/* Azul m\u00e1s oscuro al pasar el mouse *\/\r\n  }\r\n\r\n  \/* Bot\u00f3n cancelar en el popup *\/\r\n  .btn-cancelar {\r\n    background:#ccc;\r\n    color:#000;\r\n    border:none;\r\n    padding:10px 20px;\r\n    border-radius:6px;\r\n    font-weight:bold;\r\n    cursor:pointer;\r\n    transition:0.3s;\r\n  }\r\n\r\n  .btn-cancelar:hover {\r\n    background:#999;\r\n  }\r\n<\/style>\r\n\r\n<script>\r\n  const email = \"mensajeria@cmesc.com.mx\";\r\n  const subject = \"Informes\";\r\n\r\n  const boton = document.getElementById(\"enviarCorreo\");\r\n  const popup = document.getElementById(\"popupCorreo\");\r\n  const usarGmail = document.getElementById(\"usarGmail\");\r\n  const usarOutlook = document.getElementById(\"usarOutlook\");\r\n  const usarOtro = document.getElementById(\"usarOtro\");\r\n  const cerrarPopup = document.getElementById(\"cerrarPopup\");\r\n  const cambiarPreferencia = document.getElementById(\"cambiarPreferencia\");\r\n\r\n  boton.addEventListener(\"click\", function () {\r\n    const preferencia = localStorage.getItem(\"correoPreferido\");\r\n    if (preferencia) {\r\n      abrirCorreo(preferencia);\r\n    } else {\r\n      popup.style.display = \"flex\";\r\n    }\r\n  });\r\n\r\n  cerrarPopup.addEventListener(\"click\", function () {\r\n    popup.style.display = \"none\";\r\n  });\r\n\r\n  usarGmail.addEventListener(\"click\", function () {\r\n    localStorage.setItem(\"correoPreferido\", \"gmail\");\r\n    abrirCorreo(\"gmail\");\r\n    popup.style.display = \"none\";\r\n  });\r\n\r\n  usarOutlook.addEventListener(\"click\", function () {\r\n    localStorage.setItem(\"correoPreferido\", \"outlook\");\r\n    abrirCorreo(\"outlook\");\r\n    popup.style.display = \"none\";\r\n  });\r\n\r\n  usarOtro.addEventListener(\"click\", function () {\r\n    localStorage.setItem(\"correoPreferido\", \"otro\");\r\n    abrirCorreo(\"otro\");\r\n    popup.style.display = \"none\";\r\n  });\r\n\r\n  cambiarPreferencia.addEventListener(\"click\", function (e) {\r\n    e.preventDefault();\r\n    localStorage.removeItem(\"correoPreferido\");\r\n    popup.style.display = \"flex\";\r\n  });\r\n\r\n  function abrirCorreo(servicio) {\r\n    if (servicio === \"gmail\") {\r\n      window.open(\r\n        `https:\/\/mail.google.com\/mail\/?view=cm&fs=1&to=${email}&su=${encodeURIComponent(subject)}`,\r\n        \"_blank\"\r\n      );\r\n    } else if (servicio === \"outlook\") {\r\n      window.open(\r\n        `https:\/\/outlook.office.com\/mail\/deeplink\/compose?mailtouri=mailto:${email}?subject=${encodeURIComponent(subject)}`,\r\n        \"_blank\"\r\n      );\r\n    } else {\r\n      window.location.href = `mailto:${email}?subject=${encodeURIComponent(subject)}`;\r\n    }\r\n  }\r\n<\/script>\r\n\t\t\t\t<\/div>\n\t\t\t\t<\/div>\n\t\t\t\t<\/div>\n\t\t\t\t<\/div>\n\t\t\t\t\t<\/div>\n\t\t\t\t<\/div>\n\t\t\t\t<\/div>","protected":false},"excerpt":{"rendered":"<p>SOLUCIONES LOG\u00cdSTICAS DE CLASE MUNDIAL GRUPO VISI\u00d3N EN GRUPO VISI\u00d3N comprendemos las complejidades del comercio global y la necesidad de soluciones log\u00edsticas integrales y personalizadas. Por ello, ofrecemos un servicio completo de log\u00edstica global bajo el esquema puerta a puerta, garantizando eficiencia, seguridad y cumplimiento en cada etapa del proceso. Transporte Terrestre Proveemos soluciones de [&hellip;]<\/p>\n","protected":false},"author":2,"featured_media":0,"parent":0,"menu_order":0,"comment_status":"closed","ping_status":"closed","template":"","meta":{"footnotes":""},"class_list":["post-974","page","type-page","status-publish","hentry"],"_links":{"self":[{"href":"https:\/\/visionlogistic.net\/en\/wp-json\/wp\/v2\/pages\/974","targetHints":{"allow":["GET"]}}],"collection":[{"href":"https:\/\/visionlogistic.net\/en\/wp-json\/wp\/v2\/pages"}],"about":[{"href":"https:\/\/visionlogistic.net\/en\/wp-json\/wp\/v2\/types\/page"}],"author":[{"embeddable":true,"href":"https:\/\/visionlogistic.net\/en\/wp-json\/wp\/v2\/users\/2"}],"replies":[{"embeddable":true,"href":"https:\/\/visionlogistic.net\/en\/wp-json\/wp\/v2\/comments?post=974"}],"version-history":[{"count":37,"href":"https:\/\/visionlogistic.net\/en\/wp-json\/wp\/v2\/pages\/974\/revisions"}],"predecessor-version":[{"id":1971,"href":"https:\/\/visionlogistic.net\/en\/wp-json\/wp\/v2\/pages\/974\/revisions\/1971"}],"wp:attachment":[{"href":"https:\/\/visionlogistic.net\/en\/wp-json\/wp\/v2\/media?parent=974"}],"curies":[{"name":"wp","href":"https:\/\/api.w.org\/{rel}","templated":true}]}}